{"id":1263,"date":"2025-04-19T15:04:22","date_gmt":"2025-04-19T13:04:22","guid":{"rendered":"https:\/\/johanno1.se\/?page_id=1263"},"modified":"2025-05-25T16:13:27","modified_gmt":"2025-05-25T14:13:27","slug":"poll-archive","status":"publish","type":"page","link":"https:\/\/johanno1.se\/en\/poll-archive\/","title":{"rendered":"Poll archive"},"content":{"rendered":"\n<p>Here we collect the results of all our reader surveys for anyone who is curious about how it went.<\/p>\n\n\n<div class=\"wp-polls wp-polls-archive\">\n<p style=\"text-align: center\"><strong>Vad ska MXT g\u00f6ra?<\/strong><\/p><div class=\"wp-polls-ans\"><ul class=\"wp-polls-ul\"><li>Forts\u00e4tt skriva ungef\u00e4r som nu <br><small><i>66 votes - 63% of all voters, 63% of all selected options<\/i><\/small><div class=\"pollbar\" style=\"width: 57%\"><\/div><\/li><li>Forts\u00e4tt skriva, men var g\u00e4rna \u00e4nnu mer bitsk <br><small><i>37 votes - 35% of all voters, 35% of all selected options<\/i><\/small><div class=\"pollbar\" style=\"width: 32%\"><\/div><\/li><li>N\u00f6j dig med att bara posta nyheter och l\u00e4nkar <br><small><i>1 votes - 1% of all voters, 1% of all selected options<\/i><\/small><div class=\"pollbar\" style=\"width: 1%\"><\/div><\/li><li>Forts\u00e4tt skriva, men f\u00f6rs\u00f6k vara lite sn\u00e4llare <br><small><i>1 votes - 1% of all voters, 1% of all selected options<\/i><\/small><div class=\"pollbar\" style=\"width: 1%\"><\/div><\/li><li>L\u00e4mna Johan No.1 helt (IT kan dra \u00e5t helvete!!!) <br><small><i>0 votes - 0% of all voters, 0% of all selected options<\/i><\/small><div class=\"pollbar\" style=\"width: 1%\"><\/div><\/li><li>Sluta skriv men forts\u00e4tt sk\u00f6ta det tekniska p\u00e5 sajten <br><small><i>0 votes - 0% of all voters, 0% of all selected options<\/i><\/small><div class=\"pollbar\" style=\"width: 1%\"><\/div><\/li><\/ul><p style=\"text-align: center\">Antal r\u00f6ster: <strong>105<\/strong><\/p><\/div><p>Start Date: 2026-03-10 @ 13:32:31<br \/>Slutdatum: No Expiry<\/p><p style=\"text-align: center\"><strong>Kommer regimen i Iran att falla inom de n\u00e4rmaste m\u00e5naderna?<\/strong><\/p><div class=\"wp-polls-ans\"><ul class=\"wp-polls-ul\"><li>Ja <br><small><i>102 votes - 53% of all voters, 53% of all selected options<\/i><\/small><div class=\"pollbar\" style=\"width: 48%\"><\/div><\/li><li>Nej <br><small><i>61 votes - 32% of all voters, 32% of all selected options<\/i><\/small><div class=\"pollbar\" style=\"width: 29%\"><\/div><\/li><li>Vet inte <br><small><i>30 votes - 16% of all voters, 15% of all selected options<\/i><\/small><div class=\"pollbar\" style=\"width: 14%\"><\/div><\/li><\/ul><p style=\"text-align: center\">Antal r\u00f6ster: <strong>193<\/strong><\/p><\/div><p>Start Date: 2026-01-11 @ 13:13:33<br \/>Slutdatum: 2026-01-25 @ 13:13:33<\/p><p style=\"text-align: center\"><strong>Lite blandade fr\u00e5gor om bloggen och de gula v\u00e4ggarna.<\/strong><\/p><div class=\"wp-polls-ans\"><ul class=\"wp-polls-ul\"><li>Jag \u00e4r inte beredd att betala f\u00f6r gula v\u00e4ggar h\u00e4r p\u00e5 bloggen <br><small><i>69 votes - 29% of all voters, 17% of all selected options<\/i><\/small><div class=\"pollbar\" style=\"width: 15%\"><\/div><\/li><li>Jag blir kvar \u00e4ven utan gula v\u00e4ggar men kommer inte att bes\u00f6ka den lika ofta <br><small><i>68 votes - 29% of all voters, 17% of all selected options<\/i><\/small><div class=\"pollbar\" style=\"width: 15%\"><\/div><\/li><li>K\u00f6r mer reklam <br><small><i>68 votes - 29% of all voters, 17% of all selected options<\/i><\/small><div class=\"pollbar\" style=\"width: 15%\"><\/div><\/li><li>Utan gula v\u00e4ggar kommer jag sluta l\u00e4sa bloggen <br><small><i>61 votes - 26% of all voters, 15% of all selected options<\/i><\/small><div class=\"pollbar\" style=\"width: 14%\"><\/div><\/li><li>F\u00f6r sjutton, sk\u00f6t bloggen id\u00e9ellt eller l\u00e4gg ner! <br><small><i>44 votes - 19% of all voters, 11% of all selected options<\/i><\/small><div class=\"pollbar\" style=\"width: 10%\"><\/div><\/li><li>Jag blir kvar \u00e4ven utan gula v\u00e4ggar <br><small><i>36 votes - 15% of all voters, 9% of all selected options<\/i><\/small><div class=\"pollbar\" style=\"width: 8%\"><\/div><\/li><li>Jag \u00e4r beredd att att betala f\u00f6r gula v\u00e4ggar h\u00e4r p\u00e5 bloggen <br><small><i>32 votes - 14% of all voters, 8% of all selected options<\/i><\/small><div class=\"pollbar\" style=\"width: 7%\"><\/div><\/li><li>Jag vill ha mindre reklam <br><small><i>13 votes - 6% of all voters, 3% of all selected options<\/i><\/small><div class=\"pollbar\" style=\"width: 3%\"><\/div><\/li><li>Jag betalar redan p\u00e5 substack och l\u00e4ser gula v\u00e4ggen d\u00e4r <br><small><i>10 votes - 4% of all voters, 2% of all selected options<\/i><\/small><div class=\"pollbar\" style=\"width: 2%\"><\/div><\/li><\/ul><p style=\"text-align: center\">Antal r\u00f6ster: <strong>235<\/strong><\/p><\/div><p>Start Date: 2025-10-09 @ 13:21:09<br \/>Slutdatum: 2025-10-19 @ 13:21:09<\/p><p style=\"text-align: center\"><strong>Hur tror ni dagens m\u00f6te kommer att g\u00e5?<\/strong><\/p><div class=\"wp-polls-ans\"><ul class=\"wp-polls-ul\"><li>M\u00f6tet \u00e4r bara ett f\u00f6rsta inledande m\u00f6te av m\u00e5nga, inget betydande resultat fr\u00e5n just det h\u00e4r m\u00f6tet <br><small><i>69 votes - 39% of all voters, 39% of all selected options<\/i><\/small><div class=\"pollbar\" style=\"width: 35%\"><\/div><\/li><li>Hela fredsprocessen avstannar och kriget forts\u00e4tter d\u00e5 Ukraina v\u00e4grar godta villkor som inneb\u00e4r att uppge delar av sitt land <br><small><i>63 votes - 35% of all voters, 35% of all selected options<\/i><\/small><div class=\"pollbar\" style=\"width: 32%\"><\/div><\/li><li>Ukraina och Europa lyckas bara till viss del p\u00e5verka Trump n\u00e4r det g\u00e4ller enstaka villkor i ett framtida fredsavtal <br><small><i>20 votes - 11% of all voters, 11% of all selected options<\/i><\/small><div class=\"pollbar\" style=\"width: 10%\"><\/div><\/li><li>Ukraina och Europa f\u00f6rs\u00f6ker men blir \u00f6verk\u00f6rda av Trump, han och Putin forts\u00e4tter k\u00f6ra sin linje och Ukraina tvingas acceptera det <br><small><i>15 votes - 8% of all voters, 8% of all selected options<\/i><\/small><div class=\"pollbar\" style=\"width: 7%\"><\/div><\/li><li>Ukraina och Europa s\u00e4tter upp en stenh\u00e5rd linje om en r\u00e4ttvis fred. Trump tvingas \u00e4ndra riktning till Ukrainas f\u00f6rdel <br><small><i>11 votes - 6% of all voters, 7% of all selected options<\/i><\/small><div class=\"pollbar\" style=\"width: 5%\"><\/div><\/li><\/ul><p style=\"text-align: center\">Antal r\u00f6ster: <strong>178<\/strong><\/p><\/div><p>Start Date: 2025-08-18 @ 08:35:44<br \/>Slutdatum: 2025-09-07 @ 07:40:12<\/p><p style=\"text-align: center\"><strong>Vad h\u00e4nder p\u00e5 fredag n\u00e4r Trumps tidsfrist l\u00f6per ut? Vilket scenario ser ni som mest sannolikt?<\/strong><\/p><div class=\"wp-polls-ans\"><ul class=\"wp-polls-ul\"><li>Trump f\u00f6rl\u00e4nger tidsfristen (t.ex. f\u00f6r att Putin l\u00e5tsas vilja ha fred men beh\u00f6ver mera tid) <br><small><i>73 votes - 87% of all voters, 87% of all selected options<\/i><\/small><div class=\"pollbar\" style=\"width: 78%\"><\/div><\/li><li>Trump tr\u00f6ttnar p\u00e5 Putin och inf\u00f6r tullar och sanktioner <br><small><i>8 votes - 10% of all voters, 10% of all selected options<\/i><\/small><div class=\"pollbar\" style=\"width: 9%\"><\/div><\/li><li>Putin g\u00e5r med p\u00e5 omedelbart eldupph\u00f6r, Trump avvaktar med sanktioner. <br><small><i>2 votes - 2% of all voters, 2% of all selected options<\/i><\/small><div class=\"pollbar\" style=\"width: 2%\"><\/div><\/li><li>N\u00e5got helt annat. <br><small><i>1 votes - 1% of all voters, 1% of all selected options<\/i><\/small><div class=\"pollbar\" style=\"width: 1%\"><\/div><\/li><\/ul><p style=\"text-align: center\">Antal r\u00f6ster: <strong>84<\/strong><\/p><\/div><p>Start Date: 2025-08-06 @ 08:03:12<br \/>Slutdatum: 2025-08-08 @ 12:00:00<\/p><p style=\"text-align: center\"><strong>Vad tror ni om ZAPAD 2025?<\/strong><\/p><div class=\"wp-polls-ans\"><ul class=\"wp-polls-ul\"><li>Det kommer mindre provokationer, tex. n\u00e5gon dr\u00f6nare som \"r\u00e5kar\" hamna p\u00e5 fel sida gr\u00e4nsen <br><small><i>82 votes - 49% of all voters, 49% of all selected options<\/i><\/small><div class=\"pollbar\" style=\"width: 44%\"><\/div><\/li><li>Ryssland intar flera kvadratkilometer mark och h\u00e5ller sig kvar f\u00f6r att utmana NATO och artikel 5 <br><small><i>41 votes - 24% of all voters, 24% of all selected options<\/i><\/small><div class=\"pollbar\" style=\"width: 22%\"><\/div><\/li><li>\u00d6vningen genomf\u00f6rs utan att n\u00e5got speciellt h\u00e4nder <br><small><i>24 votes - 14% of all voters, 14% of all selected options<\/i><\/small><div class=\"pollbar\" style=\"width: 13%\"><\/div><\/li><li>Ryssland g\u00e5r in \u00f6ver gr\u00e4nsen men l\u00e4mnar igen efter n\u00e5gon dag eller tv\u00e5 <br><small><i>14 votes - 8% of all voters, 8% of all selected options<\/i><\/small><div class=\"pollbar\" style=\"width: 7%\"><\/div><\/li><li>Ryssland startar ett fullskaligt krig tillsammans med Kina med syfte att ta hela landet <br><small><i>7 votes - 4% of all voters, 5% of all selected options<\/i><\/small><div class=\"pollbar\" style=\"width: 4%\"><\/div><\/li><\/ul><p style=\"text-align: center\">Antal r\u00f6ster: <strong>168<\/strong><\/p><\/div><p>Start Date: 2025-07-27 @ 17:58:55<br \/>Slutdatum: 2025-09-10 @ 12:51:38<\/p><p style=\"text-align: center\"><strong>Hur l\u00e4nge tror du att kriget mellan Israel och Iran kommer att p\u00e5g\u00e5 och vem vinner?<\/strong><\/p><div class=\"wp-polls-ans\"><ul class=\"wp-polls-ul\"><li>Israel vinner <br><small><i>104 votes - 54% of all voters, 36% of all selected options<\/i><\/small><div class=\"pollbar\" style=\"width: 32%\"><\/div><\/li><li>Det \u00e4r \u00f6ver inom n\u00e5gra veckor, max en m\u00e5nad. <br><small><i>70 votes - 36% of all voters, 24% of all selected options<\/i><\/small><div class=\"pollbar\" style=\"width: 22%\"><\/div><\/li><li>Det kommer att p\u00e5g\u00e5 l\u00e4ngre, mellan 1-6 m\u00e5nader <br><small><i>58 votes - 30% of all voters, 20% of all selected options<\/i><\/small><div class=\"pollbar\" style=\"width: 18%\"><\/div><\/li><li>Det kommer att p\u00e5g\u00e5 l\u00e4nge minst i 6 m\u00e5nader, kanske ett \u00e5r <br><small><i>49 votes - 26% of all voters, 17% of all selected options<\/i><\/small><div class=\"pollbar\" style=\"width: 15%\"><\/div><\/li><li>Iran vinner <br><small><i>5 votes - 3% of all voters, 2% of all selected options<\/i><\/small><div class=\"pollbar\" style=\"width: 2%\"><\/div><\/li><\/ul><p style=\"text-align: center\">Antal r\u00f6ster: <strong>192<\/strong><\/p><\/div><p>Start Date: 2025-06-17 @ 08:16:13<br \/>Slutdatum: 2025-07-12 @ 12:53:54<\/p><p style=\"text-align: center\"><strong>Vi postar ju m\u00e5nga kommentarer fr\u00e5n Bluesky mm. d\u00e4r originaltexten \u00e4r p\u00e5 engelska. Om det g\u00e5r att automat\u00f6vers\u00e4tta de citerade delarna till svenska, ska vi g\u00f6ra det?<\/strong><\/p><div class=\"wp-polls-ans\"><ul class=\"wp-polls-ul\"><li>Nej, det \u00e4r b\u00e4ttre att l\u00e4mna det p\u00e5 originalspr\u00e5ket. <br><small><i>23 votes - 68% of all voters, 68% of all selected options<\/i><\/small><div class=\"pollbar\" style=\"width: 61%\"><\/div><\/li><li>Ja, \u00f6vers\u00e4tt g\u00e4rna citerad inklippt text till svenska. <br><small><i>10 votes - 29% of all voters, 29% of all selected options<\/i><\/small><div class=\"pollbar\" style=\"width: 26%\"><\/div><\/li><li>Huvudsaken att ni respekterar mitt val och l\u00e5ter bli om jag inte vill ha mina kommentarer \u00f6versatt. <br><small><i>1 votes - 3% of all voters, 3% of all selected options<\/i><\/small><div class=\"pollbar\" style=\"width: 3%\"><\/div><\/li><\/ul><p style=\"text-align: center\">Antal r\u00f6ster: <strong>34<\/strong><\/p><\/div><p>Start Date: 2025-05-22 @ 07:23:11<br \/>Slutdatum: 2025-05-31 @ 07:23:11<\/p><p style=\"text-align: center\"><strong>Hur ser ni p\u00e5 vilket spr\u00e5k vi anv\u00e4nder mm.<\/strong><\/p><div class=\"wp-polls-ans\"><ul class=\"wp-polls-ul\"><li>Engelska g\u00e5r bra, men jag f\u00f6redrar svenska <br><small><i>87 votes - 63% of all voters, 51% of all selected options<\/i><\/small><div class=\"pollbar\" style=\"width: 46%\"><\/div><\/li><li>Svenska, risk f\u00f6r att jag slutar l\u00e4sa om det bara blir p\u00e5 engelska <br><small><i>50 votes - 36% of all voters, 29% of all selected options<\/i><\/small><div class=\"pollbar\" style=\"width: 26%\"><\/div><\/li><li>Det \u00e4r OK om ni automat\u00f6vers\u00e4tter mina kommentarer <br><small><i>22 votes - 16% of all voters, 13% of all selected options<\/i><\/small><div class=\"pollbar\" style=\"width: 12%\"><\/div><\/li><li>Det \u00e4r INTE OK att automat\u00f6vers\u00e4tta kommentarer <br><small><i>4 votes - 3% of all voters, 2% of all selected options<\/i><\/small><div class=\"pollbar\" style=\"width: 2%\"><\/div><\/li><li>Jag f\u00f6redrar engelska <br><small><i>4 votes - 3% of all voters, 2% of all selected options<\/i><\/small><div class=\"pollbar\" style=\"width: 2%\"><\/div><\/li><li>Jag vill kunna st\u00e4lla in i min profil om jag vill till\u00e5ta automat\u00f6vers\u00e4ttning av kommentarer.. <br><small><i>3 votes - 2% of all voters, 2% of all selected options<\/i><\/small><div class=\"pollbar\" style=\"width: 2%\"><\/div><\/li><\/ul><p style=\"text-align: center\">Antal r\u00f6ster: <strong>139<\/strong><\/p><\/div><p>Start Date: 2025-05-11 @ 09:46:16<br \/>Slutdatum: 2025-05-18 @ 09:46:16<\/p><p style=\"text-align: center\"><strong>Vad tror vi om Trumps fredsplan? Kommer han att lyckas inom de n\u00e4rmaste veckorna? (Kryssa f\u00f6r de alternativ som du anser \u00e4r de mest sannolika, du kan allts\u00e5 gissa b\u00e5de p\u00e5 Ja och Nej-alternativ).<\/strong><\/p><div class=\"wp-polls-ans\"><ul class=\"wp-polls-ul\"><li>NEJ, USA drar in allt st\u00f6d till Ukraina, stoppar exporten och gynnar Ryssland, tar bort sanktioner och \u00e5terupptar handeln. <br><small><i>118 votes - 43% of all voters, 35% of all selected options<\/i><\/small><div class=\"pollbar\" style=\"width: 32%\"><\/div><\/li><li>NEJ, USA drar in allt st\u00f6d till Ukraina f\u00f6r att s\u00e4tta press p\u00e5 dem. <br><small><i>64 votes - 24% of all voters, 19% of all selected options<\/i><\/small><div class=\"pollbar\" style=\"width: 17%\"><\/div><\/li><li>NEJ, USA forts\u00e4tter st\u00f6dja Ukraina p\u00e5 ungef\u00e4r nuvarande niv\u00e5 i \u00f6vrigt inga st\u00f6rre skillnader. <br><small><i>50 votes - 18% of all voters, 15% of all selected options<\/i><\/small><div class=\"pollbar\" style=\"width: 14%\"><\/div><\/li><li>NEJ, men jag avst\u00e5r fr\u00e5n att gissa hur Trump och USA kommer att agera. <br><small><i>49 votes - 18% of all voters, 15% of all selected options<\/i><\/small><div class=\"pollbar\" style=\"width: 14%\"><\/div><\/li><li>NEJ, USA drar in allt st\u00f6d till Ukraina och v\u00e4grar \u00e4ven exportera vapen till Europa. <br><small><i>24 votes - 9% of all voters, 7% of all selected options<\/i><\/small><div class=\"pollbar\" style=\"width: 6%\"><\/div><\/li><li>JA, med stora eftergifter f\u00f6r Ukraina, Ryssland f\u00e5r bl.a. beh\u00e5lla alla ockuperade omr\u00e5den. <br><small><i>14 votes - 5% of all voters, 4% of all selected options<\/i><\/small><div class=\"pollbar\" style=\"width: 4%\"><\/div><\/li><li>NEJ, USA \u00f6kar sitt st\u00f6d till Ukraina f\u00f6r att s\u00e4tta press p\u00e5 Ryssland och ut\u00f6kar t.ex. sanktionerna mot Ryssland. <br><small><i>7 votes - 3% of all voters, 2% of all selected options<\/i><\/small><div class=\"pollbar\" style=\"width: 2%\"><\/div><\/li><li>JA, Ryssland tvingas l\u00e4mna alla ockuperade omr\u00e5den. <br><small><i>6 votes - 2% of all voters, 2% of all selected options<\/i><\/small><div class=\"pollbar\" style=\"width: 2%\"><\/div><\/li><li>JA, Ryssland f\u00e5r beh\u00e5lla Krym men l\u00e4mnar de andra omr\u00e5dena. <br><small><i>4 votes - 1% of all voters, 1% of all selected options<\/i><\/small><div class=\"pollbar\" style=\"width: 1%\"><\/div><\/li><li>JA, men jag avst\u00e5r fr\u00e5n att gissa kring vad som kommer att ing\u00e5 i fredsavtalet. <br><small><i>1 votes - 0% of all voters, 0% of all selected options<\/i><\/small><div class=\"pollbar\" style=\"width: 0%\"><\/div><\/li><\/ul><p style=\"text-align: center\">Antal r\u00f6ster: <strong>272<\/strong><\/p><\/div><p>Start Date: 2025-04-20 @ 09:04:51<br \/>Slutdatum: 2025-04-28 @ 09:04:51<\/p><\/div>\n<div class=\"wp-polls-paging\">\n<span class=\"pages\">&#8201;Page 1 of 2&#8201;<\/span><span class=\"current\">&#8201;1&#8201;<\/span><a href=\"https:\/\/johanno1.se\/sv\/pollsarchive1?poll_page=2\" title=\"2\">&#8201;2&#8201;<\/a><a href=\"https:\/\/johanno1.se\/sv\/pollsarchive1?poll_page=2\" title=\"&raquo;\">&#8201;&raquo;&#8201;<\/a><\/div>\n","protected":false},"excerpt":{"rendered":"<p>Here we collect the results of all our reader surveys for anyone who is curious about how it went.<\/p>\n","protected":false},"author":1,"featured_media":0,"parent":0,"menu_order":14,"comment_status":"closed","ping_status":"closed","template":"","meta":{"site-sidebar-layout":"default","site-content-layout":"","ast-site-content-layout":"default","site-content-style":"default","site-sidebar-style":"default","ast-global-header-display":"","ast-banner-title-visibility":"","ast-main-header-display":"","ast-hfb-above-header-display":"","ast-hfb-below-header-display":"","ast-hfb-mobile-header-display":"","site-post-title":"","ast-breadcrumbs-content":"","ast-featured-img":"","footer-sml-layout":"","ast-disable-related-posts":"","theme-transparent-header-meta":"","adv-header-id-meta":"","stick-header-meta":"","header-above-stick-meta":"","header-main-stick-meta":"","header-below-stick-meta":"","astra-migrate-meta-layouts":"default","ast-page-background-enabled":"default","ast-page-background-meta":{"desktop":{"background-color":"var(--ast-global-color-4)","background-image":"","background-repeat":"repeat","background-position":"center center","background-size":"auto","background-attachment":"scroll","background-type":"","background-media":"","overlay-type":"","overlay-color":"","overlay-opacity":"","overlay-gradient":""},"tablet":{"background-color":"","background-image":"","background-repeat":"repeat","background-position":"center center","background-size":"auto","background-attachment":"scroll","background-type":"","background-media":"","overlay-type":"","overlay-color":"","overlay-opacity":"","overlay-gradient":""},"mobile":{"background-color":"","background-image":"","background-repeat":"repeat","background-position":"center center","background-size":"auto","background-attachment":"scroll","background-type":"","background-media":"","overlay-type":"","overlay-color":"","overlay-opacity":"","overlay-gradient":""}},"ast-content-background-meta":{"desktop":{"background-color":"var(--ast-global-color-5)","background-image":"","background-repeat":"repeat","background-position":"center center","background-size":"auto","background-attachment":"scroll","background-type":"","background-media":"","overlay-type":"","overlay-color":"","overlay-opacity":"","overlay-gradient":""},"tablet":{"background-color":"var(--ast-global-color-5)","background-image":"","background-repeat":"repeat","background-position":"center center","background-size":"auto","background-attachment":"scroll","background-type":"","background-media":"","overlay-type":"","overlay-color":"","overlay-opacity":"","overlay-gradient":""},"mobile":{"background-color":"var(--ast-global-color-5)","background-image":"","background-repeat":"repeat","background-position":"center center","background-size":"auto","background-attachment":"scroll","background-type":"","background-media":"","overlay-type":"","overlay-color":"","overlay-opacity":"","overlay-gradient":""}},"footnotes":""},"class_list":["post-1263","page","type-page","status-publish","hentry"],"yoast_head":"<!-- This site is optimized with the Yoast SEO plugin v27.3 - https:\/\/yoast.com\/product\/yoast-seo-wordpress\/ -->\n<title>Poll archive - Kriget i Ukraina<\/title>\n<meta name=\"robots\" content=\"index, follow, max-snippet:-1, max-image-preview:large, max-video-preview:-1\" \/>\n<link rel=\"canonical\" href=\"https:\/\/johanno1.se\/en\/poll-archive\/\" \/>\n<meta property=\"og:locale\" content=\"en_US\" \/>\n<meta property=\"og:type\" content=\"article\" \/>\n<meta property=\"og:title\" content=\"Poll archive - Kriget i Ukraina\" \/>\n<meta property=\"og:description\" content=\"Here we collect the results of all our reader surveys for anyone who is curious about how it went.\" \/>\n<meta property=\"og:url\" content=\"https:\/\/johanno1.se\/en\/poll-archive\/\" \/>\n<meta property=\"og:site_name\" content=\"Johan No.1\" \/>\n<meta property=\"article:modified_time\" content=\"2025-05-25T14:13:27+00:00\" \/>\n<meta name=\"twitter:card\" content=\"summary_large_image\" \/>\n<script type=\"application\/ld+json\" class=\"yoast-schema-graph\">{\"@context\":\"https:\\\/\\\/schema.org\",\"@graph\":[{\"@type\":\"WebPage\",\"@id\":\"https:\\\/\\\/johanno1.se\\\/en\\\/poll-archive\\\/\",\"url\":\"https:\\\/\\\/johanno1.se\\\/en\\\/poll-archive\\\/\",\"name\":\"Poll archive - Kriget i Ukraina\",\"isPartOf\":{\"@id\":\"https:\\\/\\\/johanno1.se\\\/en\\\/#website\"},\"datePublished\":\"2025-04-19T13:04:22+00:00\",\"dateModified\":\"2025-05-25T14:13:27+00:00\",\"breadcrumb\":{\"@id\":\"https:\\\/\\\/johanno1.se\\\/en\\\/poll-archive\\\/#breadcrumb\"},\"inLanguage\":\"en-US\",\"potentialAction\":[{\"@type\":\"ReadAction\",\"target\":[\"https:\\\/\\\/johanno1.se\\\/en\\\/poll-archive\\\/\"]}]},{\"@type\":\"BreadcrumbList\",\"@id\":\"https:\\\/\\\/johanno1.se\\\/en\\\/poll-archive\\\/#breadcrumb\",\"itemListElement\":[{\"@type\":\"ListItem\",\"position\":1,\"name\":\"Hem\",\"item\":\"https:\\\/\\\/johanno1.se\\\/en\\\/\"},{\"@type\":\"ListItem\",\"position\":2,\"name\":\"Poll archive\"}]},{\"@type\":\"WebSite\",\"@id\":\"https:\\\/\\\/johanno1.se\\\/en\\\/#website\",\"url\":\"https:\\\/\\\/johanno1.se\\\/en\\\/\",\"name\":\"Johan No.1\",\"description\":\"News and analysis about the war in Ukraine and other global events in world politics and security.\",\"publisher\":{\"@id\":\"https:\\\/\\\/johanno1.se\\\/en\\\/#organization\"},\"potentialAction\":[{\"@type\":\"SearchAction\",\"target\":{\"@type\":\"EntryPoint\",\"urlTemplate\":\"https:\\\/\\\/johanno1.se\\\/en\\\/?s={search_term_string}\"},\"query-input\":{\"@type\":\"PropertyValueSpecification\",\"valueRequired\":true,\"valueName\":\"search_term_string\"}}],\"inLanguage\":\"en-US\"},{\"@type\":\"Organization\",\"@id\":\"https:\\\/\\\/johanno1.se\\\/en\\\/#organization\",\"name\":\"Johan No. 1\",\"url\":\"https:\\\/\\\/johanno1.se\\\/en\\\/\",\"logo\":{\"@type\":\"ImageObject\",\"inLanguage\":\"en-US\",\"@id\":\"https:\\\/\\\/johanno1.se\\\/en\\\/#\\\/schema\\\/logo\\\/image\\\/\",\"url\":\"https:\\\/\\\/johanno1.se\\\/wp-content\\\/uploads\\\/2025\\\/03\\\/cropped-No1-Logo.png\",\"contentUrl\":\"https:\\\/\\\/johanno1.se\\\/wp-content\\\/uploads\\\/2025\\\/03\\\/cropped-No1-Logo.png\",\"width\":512,\"height\":512,\"caption\":\"Johan No. 1\"},\"image\":{\"@id\":\"https:\\\/\\\/johanno1.se\\\/en\\\/#\\\/schema\\\/logo\\\/image\\\/\"}}]}<\/script>\n<!-- \/ Yoast SEO plugin. -->","yoast_head_json":{"title":"Poll archive - Kriget i Ukraina","robots":{"index":"index","follow":"follow","max-snippet":"max-snippet:-1","max-image-preview":"max-image-preview:large","max-video-preview":"max-video-preview:-1"},"canonical":"https:\/\/johanno1.se\/en\/poll-archive\/","og_locale":"en_US","og_type":"article","og_title":"Poll archive - Kriget i Ukraina","og_description":"Here we collect the results of all our reader surveys for anyone who is curious about how it went.","og_url":"https:\/\/johanno1.se\/en\/poll-archive\/","og_site_name":"Johan No.1","article_modified_time":"2025-05-25T14:13:27+00:00","twitter_card":"summary_large_image","schema":{"@context":"https:\/\/schema.org","@graph":[{"@type":"WebPage","@id":"https:\/\/johanno1.se\/en\/poll-archive\/","url":"https:\/\/johanno1.se\/en\/poll-archive\/","name":"Poll archive - Kriget i Ukraina","isPartOf":{"@id":"https:\/\/johanno1.se\/en\/#website"},"datePublished":"2025-04-19T13:04:22+00:00","dateModified":"2025-05-25T14:13:27+00:00","breadcrumb":{"@id":"https:\/\/johanno1.se\/en\/poll-archive\/#breadcrumb"},"inLanguage":"en-US","potentialAction":[{"@type":"ReadAction","target":["https:\/\/johanno1.se\/en\/poll-archive\/"]}]},{"@type":"BreadcrumbList","@id":"https:\/\/johanno1.se\/en\/poll-archive\/#breadcrumb","itemListElement":[{"@type":"ListItem","position":1,"name":"Hem","item":"https:\/\/johanno1.se\/en\/"},{"@type":"ListItem","position":2,"name":"Poll archive"}]},{"@type":"WebSite","@id":"https:\/\/johanno1.se\/en\/#website","url":"https:\/\/johanno1.se\/en\/","name":"Johan No.1","description":"News and analysis about the war in Ukraine and other global events in world politics and security.","publisher":{"@id":"https:\/\/johanno1.se\/en\/#organization"},"potentialAction":[{"@type":"SearchAction","target":{"@type":"EntryPoint","urlTemplate":"https:\/\/johanno1.se\/en\/?s={search_term_string}"},"query-input":{"@type":"PropertyValueSpecification","valueRequired":true,"valueName":"search_term_string"}}],"inLanguage":"en-US"},{"@type":"Organization","@id":"https:\/\/johanno1.se\/en\/#organization","name":"Johan No. 1","url":"https:\/\/johanno1.se\/en\/","logo":{"@type":"ImageObject","inLanguage":"en-US","@id":"https:\/\/johanno1.se\/en\/#\/schema\/logo\/image\/","url":"https:\/\/johanno1.se\/wp-content\/uploads\/2025\/03\/cropped-No1-Logo.png","contentUrl":"https:\/\/johanno1.se\/wp-content\/uploads\/2025\/03\/cropped-No1-Logo.png","width":512,"height":512,"caption":"Johan No. 1"},"image":{"@id":"https:\/\/johanno1.se\/en\/#\/schema\/logo\/image\/"}}]}},"_links":{"self":[{"href":"https:\/\/johanno1.se\/en\/wp-json\/wp\/v2\/pages\/1263","targetHints":{"allow":["GET"]}}],"collection":[{"href":"https:\/\/johanno1.se\/en\/wp-json\/wp\/v2\/pages"}],"about":[{"href":"https:\/\/johanno1.se\/en\/wp-json\/wp\/v2\/types\/page"}],"author":[{"embeddable":true,"href":"https:\/\/johanno1.se\/en\/wp-json\/wp\/v2\/users\/1"}],"replies":[{"embeddable":true,"href":"https:\/\/johanno1.se\/en\/wp-json\/wp\/v2\/comments?post=1263"}],"version-history":[{"count":1,"href":"https:\/\/johanno1.se\/en\/wp-json\/wp\/v2\/pages\/1263\/revisions"}],"predecessor-version":[{"id":1265,"href":"https:\/\/johanno1.se\/en\/wp-json\/wp\/v2\/pages\/1263\/revisions\/1265"}],"wp:attachment":[{"href":"https:\/\/johanno1.se\/en\/wp-json\/wp\/v2\/media?parent=1263"}],"curies":[{"name":"wp","href":"https:\/\/api.w.org\/{rel}","templated":true}]}}