{"id":1274,"date":"2025-04-04T09:21:25","date_gmt":"2025-04-04T07:21:25","guid":{"rendered":"https:\/\/johanno1.se\/?page_id=1274"},"modified":"2025-08-29T11:10:26","modified_gmt":"2025-08-29T09:10:26","slug":"links","status":"publish","type":"page","link":"https:\/\/johanno1.se\/en\/links\/","title":{"rendered":"Links"},"content":{"rendered":"\n<p><strong>A collection of links with a main focus on the Ukraine war, Ukraine, Russia, the USA, the EU and other related areas such as defense.<\/strong><br>The list is just beginning and will be filled in, but we&#8217;ll start like this for now. Do you think something is missing?<br>Feel free to leave a comment with a title, short description and link and we&#8217;ll add it to the list if it fits.<\/p>\n\n\n\n<p><br><\/p>\n\n\n\n<div class=\"wp-block-columns are-vertically-aligned-top is-layout-flex wp-container-core-columns-is-layout-6376d770 wp-block-columns-is-layout-flex\" style=\"border-style:none;border-width:0px;margin-top:0;margin-bottom:0;padding-right:0;padding-left:0\">\n<div class=\"wp-block-column is-vertically-aligned-top is-layout-constrained wp-block-column-is-layout-constrained\" style=\"flex-basis:100%\">\n<div class=\"wp-block-group alignwide is-vertical is-content-justification-stretch is-nowrap is-layout-flex wp-container-core-group-is-layout-5a9d514c wp-block-group-is-layout-flex\">\n<div class=\"wp-block-columns alignwide wp-container-content-9cfa9a5a is-layout-flex wp-container-core-columns-is-layout-a5331a9e wp-block-columns-is-layout-flex\" style=\"padding-top:0;padding-right:0;padding-bottom:0;padding-left:0\">\n<div class=\"wp-block-column is-vertically-aligned-stretch has-border-color has-ast-global-color-6-border-color is-layout-flow wp-block-column-is-layout-flow\" style=\"border-width:2px;padding-top:var(--wp--preset--spacing--40);padding-right:var(--wp--preset--spacing--40);padding-bottom:var(--wp--preset--spacing--40);padding-left:var(--wp--preset--spacing--40)\">\n<h4 class=\"wp-block-heading\">YouTube<\/h4>\n\n\n\n<hr class=\"wp-block-separator has-text-color has-ast-global-color-1-color has-alpha-channel-opacity has-ast-global-color-1-background-color has-background is-style-wide\"\/>\n\n\n\n<p><strong>Anna from Ukraine<\/strong><br>Ukrainska som som rapporterar fr\u00e5n Ukraina och allt som r\u00f6r kriget.<br><a href=\"https:\/\/www.youtube.com\/@AnnafromUkraine\/videos\">https:\/\/www.youtube.com\/@AnnafromUkraine\/videos<\/a><\/p>\n\n\n\n<p><strong>Anders Puck Nielsen<\/strong><br>T\u00e4nkv\u00e4rda analyser och f\u00f6rklaringar kring b\u00e5de kriget i Ukraina och politik mm. i anslutning till det.<br><a href=\"https:\/\/www.youtube.com\/@anderspuck\">https:\/\/www.youtube.com\/@anderspuck<\/a><\/p>\n\n\n\n<p><strong>Covert Cabal<\/strong><br>Handlar mycket om krigsmateriel och inte bara Ukraina, men har gjort flera f\u00f6rs\u00f6ka att uppskatta hur mycket material Ryssland har n\u00e4r det g\u00e4ller stridsvagnar mm. utifr\u00e5n bl.a. satellitbilder. <br><a href=\"https:\/\/www.youtube.com\/@CovertCabal\/videos\">https:\/\/www.youtube.com\/@CovertCabal\/videos<\/a><\/p>\n\n\n\n<p><strong>Denys Davydov<\/strong><br>Rapporterar om situationen vid fronten och annat som \u00e4r relaterat till Ukrainakriget. F.d. pilot fr\u00e5n Ukrain men som l\u00e4mnat landet.<br><a href=\"https:\/\/www.youtube.com\/@DenysDavydov\">https:\/\/www.youtube.com\/@DenysDavydov<\/a><\/p>\n\n\n\n<p><strong>Inside Russia<\/strong><br>Konstantin \u00e4r en exilryss som rapporterar om vad som h\u00e4nder i Ryssland fr\u00e4mst inom ekonomi men \u00e4ven andra omr\u00e5den<br><a href=\"https:\/\/www.youtube.com\/@INSIDERUSSIA\">https:\/\/www.youtube.com\/@INSIDERUSSIA<\/a><\/p>\n\n\n\n<p><strong>Jake Broe<\/strong> <br>Amerikan som rapporterar om kriget i Ukraina men \u00e4ven amerikansk politik.<br><a href=\"https:\/\/www.youtube.com\/@JakeBroe\">https:\/\/www.youtube.com\/@JakeBroe<\/a><\/p>\n\n\n\n<p><strong>Joe Blogs<\/strong><br>Ekonomiblogg som ofta tar upp l\u00e4get i Ryssland och USA men \u00e4ven andra l\u00e4nder (Kina, Turkiet mfl.)<br><a href=\"https:\/\/www.youtube.com\/@joeblogs\">https:\/\/www.youtube.com\/@joeblogs<\/a><\/p>\n\n\n\n<p><strong>Operator Starsky<\/strong><br>Ukrainsk veteran med blandade nyheter fr\u00e5n kriget, Ukraina och Ryssland<br><a href=\"https:\/\/x.com\/FreudGreyskull\/status\/1908625952189587470#m\">https:\/\/x.com\/FreudGreyskull\/status\/1908625952189587470#m<\/a><\/p>\n\n\n\n<p><strong>RFU News<\/strong><br>Aka &#8220;Accentmannen&#8221; \u00e4r en ukrainare som rapporterar om vad som h\u00e4nder vid fronten men \u00e4ven en del annat relaterat till Ukraina och Ryssland.<br><a href=\"https:\/\/www.youtube.com\/@RFU\">https:\/\/www.youtube.com\/@RFU<\/a><\/p>\n\n\n\n<p><strong>The Russian Dude<\/strong><br>Ryss som flyttat till Kanada och rapporterar om kriget och vad som h\u00e4nder i Ukraina och Ryssland mm.<br><a href=\"https:\/\/www.youtube.com\/@TheRussianDude\/videos\">https:\/\/www.youtube.com\/@TheRussianDude\/videos<\/a><\/p>\n\n\n\n<p><strong>Task &amp; Purpose<\/strong><br>Amerikan som tar upp allt m\u00f6jligt inom det milit\u00e4ra och d\u00e4ribland Ukraina (som han \u00e4ven bes\u00f6kt). <br><a href=\"https:\/\/www.youtube.com\/@Taskandpurpose\/videos\">https:\/\/www.youtube.com\/@Taskandpurpose\/videos<\/a><\/p>\n\n\n\n<p><strong>Ukraine Matters<\/strong><br>Om kriget i Ukraina<br><a href=\"https:\/\/www.youtube.com\/@UkraineMatters\/videos\">https:\/\/www.youtube.com\/@UkraineMatters\/videos<\/a><\/p>\n\n\n\n<p><strong>1420 by Daniil Orain<\/strong><br>Ryss som intervjuar ryssar och mycket handlar om kriget och fr\u00e5gor som \u00e4r obekv\u00e4ma f\u00f6r m\u00e5nga att besvara.<br><a href=\"https:\/\/www.youtube.com\/@1420channel\/videos\">https:\/\/www.youtube.com\/@1420channel\/videos<\/a><\/p>\n<\/div>\n\n\n\n<div class=\"wp-block-column is-vertically-aligned-stretch has-border-color has-ast-global-color-6-border-color is-layout-flow wp-block-column-is-layout-flow\" style=\"border-width:2px;padding-top:var(--wp--preset--spacing--40);padding-right:var(--wp--preset--spacing--40);padding-bottom:var(--wp--preset--spacing--40);padding-left:var(--wp--preset--spacing--40)\">\n<h4 class=\"wp-block-heading\">Tidningar och Media<\/h4>\n\n\n\n<hr class=\"wp-block-separator has-text-color has-ast-global-color-1-color has-alpha-channel-opacity has-ast-global-color-1-background-color has-background is-style-wide\"\/>\n\n\n\n<p><strong>AP News<\/strong><br>Deras avdelning f\u00f6r kriget i Ukraina.<br><a href=\"https:\/\/apnews.com\/hub\/russia-ukraine\">https:\/\/apnews.com\/hub\/russia-ukraine<\/a><\/p>\n\n\n\n<p><strong>BBC<\/strong><br>Deras avdelning om kriget i Ukraina.<br><a href=\"https:\/\/www.bbc.com\/news\/war-in-ukraine\">https:\/\/www.bbc.com\/news\/war-in-ukraine<\/a><\/p>\n\n\n\n<p><strong>CNN<\/strong><br>Deras avdelning om Rysslands invasion av Ukraina.<br><a href=\"https:\/\/edition.cnn.com\/world\/europe\/ukraine\">https:\/\/edition.cnn.com\/world\/europe\/ukraine<\/a><\/p>\n\n\n\n<p><strong>DefenseNews<\/strong><br>Global bevakning av f\u00f6rsvarsnyheter.<br><a href=\"https:\/\/www.defensenews.com\/\">https:\/\/www.defensenews.com<\/a><\/p>\n\n\n\n<p><strong>EuroMaidan Press<\/strong><br>Fokus p\u00e5 ukrainska nyheter p\u00e5 engelska. <br><a href=\"https:\/\/euromaidanpress.com\/about\/\">https:\/\/euromaidanpress.com\/about\/<\/a><\/p>\n\n\n\n<p><strong>The Guardian<\/strong><br>Deras avdelning om Rysslands invasion av Ukraina.<br><a href=\"https:\/\/www.theguardian.com\/world\/ukraine\">https:\/\/www.theguardian.com\/world\/ukraine<\/a><\/p>\n\n\n\n<p><strong><strong>Kyiv Independent<\/strong><\/strong><br>Ukrainsk tidning.<br><a href=\"https:\/\/kyivindependent.com\/\">https:\/\/kyivindependent.com<\/a><\/p>\n\n\n\n<p><strong>The New York Times<\/strong><br>Deras sida om Ukrainakriget<br><a href=\"https:\/\/www.nytimes.com\/news-event\/ukraine-russia\">https:\/\/www.nytimes.com\/news-event\/ukraine-russia<\/a><\/p>\n\n\n\n<p><strong>NBC News<\/strong> <br>Deras sida om Ukrainakriget.<br><a href=\"https:\/\/www.nbcnews.com\/world\/russia-ukraine-news\">https:\/\/www.nbcnews.com\/world\/russia-ukraine-news<\/a><\/p>\n\n\n\n<p><strong>President of Ukraine<\/strong><br>Zlelenskyys officiella nyhetssida.<br><a href=\"https:\/\/www.president.gov.ua\/en\">https:\/\/www.president.gov.ua\/en<\/a><\/p>\n\n\n\n<p><strong>Russian Media Monitor<\/strong><br>Ryska TV textad p\u00e5 engelska f\u00f6r den som vill h\u00f6ra hur de driver sin vansinniga propaganda.<br><a href=\"https:\/\/www.youtube.com\/@russianmediamonitor\">https:\/\/www.youtube.com\/@russianmediamonitor<\/a><\/p>\n\n\n\n<hr class=\"wp-block-separator has-text-color has-ast-global-color-1-color has-alpha-channel-opacity has-ast-global-color-1-background-color has-background is-style-wide\"\/>\n\n\n\n<h4 class=\"wp-block-heading\">Bloggar<\/h4>\n\n\n\n<p><strong>Cornucopia<\/strong><br>Lars Wilder\u00e4ngs blogg med inl\u00e4gg varje dag om kriget i Ukraina.<br><a href=\"https:\/\/cornucopia.se\/\">https:\/\/cornucopia.se\/<\/a><br><br><strong>Glasnost.se<\/strong><br>Blogg om utvecklingen i Ukraina och Ryssland av Kalle Kniivil\u00e4, f\u00f6rfattare och journalist som skrivit flera b\u00f6cker om Putin och Ryssland.<br><a href=\"https:\/\/www.glasnost.se\/\">https:\/\/www.glasnost.se\/<\/a><\/p>\n\n\n\n<p><strong>Johnathan Low<\/strong><br>Readkt\u00f6r och f\u00f6rfattare samt partner och grundare av &nbsp;Predictiv Consulting&nbsp;and&nbsp;Predictiv Asia som bl.a. hj\u00e4lper sina kunder med effektivisering och marknadsf\u00f6ring.<br><a href=\"http:\/\/www.thelowdownblog.com\/\">http:\/\/www.thelowdownblog.com\/<\/a><\/p>\n\n\n\n<p><strong>Svenska krigare i Ukraina<\/strong><br>Bloggen sammanst\u00e4ller rapporter, analyser och filmer ang\u00e5ende Ukraina-konflikten.<br><a href=\"https:\/\/blogg.svenskkrigare.com\/\">https:\/\/blogg.svenskkrigare.com\/<\/a><\/p>\n<\/div>\n<\/div>\n<\/div>\n<\/div>\n<\/div>\n\n\n\n<p><strong>Vi h\u00e5ller i spjutskaftet!<\/strong><\/p>\n\n\n\n<h2 class=\"wp-block-heading\"><strong>Slava Ukraini!<\/strong><\/h2>\n\n\n\n<p><\/p>\n\n\n\n<p>Latest news about <a href=\"https:\/\/johanno1.se\/en\/category\/ukraine\/\">the war in Ukraine<\/a><\/p>\n","protected":false},"excerpt":{"rendered":"<p>A collection of links with a main focus on the Ukraine war, Ukraine, Russia, the USA, the EU and other [&hellip;]<\/p>\n","protected":false},"author":1,"featured_media":0,"parent":0,"menu_order":12,"comment_status":"open","ping_status":"closed","template":"","meta":{"site-sidebar-layout":"default","site-content-layout":"","ast-site-content-layout":"default","site-content-style":"default","site-sidebar-style":"default","ast-global-header-display":"","ast-banner-title-visibility":"","ast-main-header-display":"","ast-hfb-above-header-display":"","ast-hfb-below-header-display":"","ast-hfb-mobile-header-display":"","site-post-title":"","ast-breadcrumbs-content":"","ast-featured-img":"","footer-sml-layout":"","ast-disable-related-posts":"","theme-transparent-header-meta":"","adv-header-id-meta":"","stick-header-meta":"","header-above-stick-meta":"","header-main-stick-meta":"","header-below-stick-meta":"","astra-migrate-meta-layouts":"default","ast-page-background-enabled":"default","ast-page-background-meta":{"desktop":{"background-color":"var(--ast-global-color-4)","background-image":"","background-repeat":"repeat","background-position":"center center","background-size":"auto","background-attachment":"scroll","background-type":"","background-media":"","overlay-type":"","overlay-color":"","overlay-opacity":"","overlay-gradient":""},"tablet":{"background-color":"","background-image":"","background-repeat":"repeat","background-position":"center center","background-size":"auto","background-attachment":"scroll","background-type":"","background-media":"","overlay-type":"","overlay-color":"","overlay-opacity":"","overlay-gradient":""},"mobile":{"background-color":"","background-image":"","background-repeat":"repeat","background-position":"center center","background-size":"auto","background-attachment":"scroll","background-type":"","background-media":"","overlay-type":"","overlay-color":"","overlay-opacity":"","overlay-gradient":""}},"ast-content-background-meta":{"desktop":{"background-color":"var(--ast-global-color-5)","background-image":"","background-repeat":"repeat","background-position":"center center","background-size":"auto","background-attachment":"scroll","background-type":"","background-media":"","overlay-type":"","overlay-color":"","overlay-opacity":"","overlay-gradient":""},"tablet":{"background-color":"var(--ast-global-color-5)","background-image":"","background-repeat":"repeat","background-position":"center center","background-size":"auto","background-attachment":"scroll","background-type":"","background-media":"","overlay-type":"","overlay-color":"","overlay-opacity":"","overlay-gradient":""},"mobile":{"background-color":"var(--ast-global-color-5)","background-image":"","background-repeat":"repeat","background-position":"center center","background-size":"auto","background-attachment":"scroll","background-type":"","background-media":"","overlay-type":"","overlay-color":"","overlay-opacity":"","overlay-gradient":""}},"footnotes":""},"class_list":["post-1274","page","type-page","status-publish","hentry"],"yoast_head":"<!-- This site is optimized with the Yoast SEO plugin v27.3 - https:\/\/yoast.com\/product\/yoast-seo-wordpress\/ -->\n<title>Links - Kriget i Ukraina<\/title>\n<meta name=\"robots\" content=\"index, follow, max-snippet:-1, max-image-preview:large, max-video-preview:-1\" \/>\n<link rel=\"canonical\" href=\"https:\/\/johanno1.se\/en\/links\/\" \/>\n<meta property=\"og:locale\" content=\"en_US\" \/>\n<meta property=\"og:type\" content=\"article\" \/>\n<meta property=\"og:title\" content=\"Links - Kriget i Ukraina\" \/>\n<meta property=\"og:description\" content=\"A collection of links with a main focus on the Ukraine war, Ukraine, Russia, the USA, the EU and other [&hellip;]\" \/>\n<meta property=\"og:url\" content=\"https:\/\/johanno1.se\/en\/links\/\" \/>\n<meta property=\"og:site_name\" content=\"Johan No.1\" \/>\n<meta property=\"article:modified_time\" content=\"2025-08-29T09:10:26+00:00\" \/>\n<meta name=\"twitter:card\" content=\"summary_large_image\" \/>\n<meta name=\"twitter:label1\" content=\"Est. reading time\" \/>\n\t<meta name=\"twitter:data1\" content=\"3 minutes\" \/>\n<script type=\"application\/ld+json\" class=\"yoast-schema-graph\">{\"@context\":\"https:\\\/\\\/schema.org\",\"@graph\":[{\"@type\":\"WebPage\",\"@id\":\"https:\\\/\\\/johanno1.se\\\/en\\\/links\\\/\",\"url\":\"https:\\\/\\\/johanno1.se\\\/en\\\/links\\\/\",\"name\":\"Links - Kriget i Ukraina\",\"isPartOf\":{\"@id\":\"https:\\\/\\\/johanno1.se\\\/en\\\/#website\"},\"datePublished\":\"2025-04-04T07:21:25+00:00\",\"dateModified\":\"2025-08-29T09:10:26+00:00\",\"breadcrumb\":{\"@id\":\"https:\\\/\\\/johanno1.se\\\/en\\\/links\\\/#breadcrumb\"},\"inLanguage\":\"en-US\",\"potentialAction\":[{\"@type\":\"ReadAction\",\"target\":[\"https:\\\/\\\/johanno1.se\\\/en\\\/links\\\/\"]}]},{\"@type\":\"BreadcrumbList\",\"@id\":\"https:\\\/\\\/johanno1.se\\\/en\\\/links\\\/#breadcrumb\",\"itemListElement\":[{\"@type\":\"ListItem\",\"position\":1,\"name\":\"Hem\",\"item\":\"https:\\\/\\\/johanno1.se\\\/en\\\/\"},{\"@type\":\"ListItem\",\"position\":2,\"name\":\"Links\"}]},{\"@type\":\"WebSite\",\"@id\":\"https:\\\/\\\/johanno1.se\\\/en\\\/#website\",\"url\":\"https:\\\/\\\/johanno1.se\\\/en\\\/\",\"name\":\"Johan No.1\",\"description\":\"News and analysis about the war in Ukraine and other global events in world politics and security.\",\"publisher\":{\"@id\":\"https:\\\/\\\/johanno1.se\\\/en\\\/#organization\"},\"potentialAction\":[{\"@type\":\"SearchAction\",\"target\":{\"@type\":\"EntryPoint\",\"urlTemplate\":\"https:\\\/\\\/johanno1.se\\\/en\\\/?s={search_term_string}\"},\"query-input\":{\"@type\":\"PropertyValueSpecification\",\"valueRequired\":true,\"valueName\":\"search_term_string\"}}],\"inLanguage\":\"en-US\"},{\"@type\":\"Organization\",\"@id\":\"https:\\\/\\\/johanno1.se\\\/en\\\/#organization\",\"name\":\"Johan No. 1\",\"url\":\"https:\\\/\\\/johanno1.se\\\/en\\\/\",\"logo\":{\"@type\":\"ImageObject\",\"inLanguage\":\"en-US\",\"@id\":\"https:\\\/\\\/johanno1.se\\\/en\\\/#\\\/schema\\\/logo\\\/image\\\/\",\"url\":\"https:\\\/\\\/johanno1.se\\\/wp-content\\\/uploads\\\/2025\\\/03\\\/cropped-No1-Logo.png\",\"contentUrl\":\"https:\\\/\\\/johanno1.se\\\/wp-content\\\/uploads\\\/2025\\\/03\\\/cropped-No1-Logo.png\",\"width\":512,\"height\":512,\"caption\":\"Johan No. 1\"},\"image\":{\"@id\":\"https:\\\/\\\/johanno1.se\\\/en\\\/#\\\/schema\\\/logo\\\/image\\\/\"}}]}<\/script>\n<!-- \/ Yoast SEO plugin. -->","yoast_head_json":{"title":"Links - Kriget i Ukraina","robots":{"index":"index","follow":"follow","max-snippet":"max-snippet:-1","max-image-preview":"max-image-preview:large","max-video-preview":"max-video-preview:-1"},"canonical":"https:\/\/johanno1.se\/en\/links\/","og_locale":"en_US","og_type":"article","og_title":"Links - Kriget i Ukraina","og_description":"A collection of links with a main focus on the Ukraine war, Ukraine, Russia, the USA, the EU and other [&hellip;]","og_url":"https:\/\/johanno1.se\/en\/links\/","og_site_name":"Johan No.1","article_modified_time":"2025-08-29T09:10:26+00:00","twitter_card":"summary_large_image","twitter_misc":{"Est. reading time":"3 minutes"},"schema":{"@context":"https:\/\/schema.org","@graph":[{"@type":"WebPage","@id":"https:\/\/johanno1.se\/en\/links\/","url":"https:\/\/johanno1.se\/en\/links\/","name":"Links - Kriget i Ukraina","isPartOf":{"@id":"https:\/\/johanno1.se\/en\/#website"},"datePublished":"2025-04-04T07:21:25+00:00","dateModified":"2025-08-29T09:10:26+00:00","breadcrumb":{"@id":"https:\/\/johanno1.se\/en\/links\/#breadcrumb"},"inLanguage":"en-US","potentialAction":[{"@type":"ReadAction","target":["https:\/\/johanno1.se\/en\/links\/"]}]},{"@type":"BreadcrumbList","@id":"https:\/\/johanno1.se\/en\/links\/#breadcrumb","itemListElement":[{"@type":"ListItem","position":1,"name":"Hem","item":"https:\/\/johanno1.se\/en\/"},{"@type":"ListItem","position":2,"name":"Links"}]},{"@type":"WebSite","@id":"https:\/\/johanno1.se\/en\/#website","url":"https:\/\/johanno1.se\/en\/","name":"Johan No.1","description":"News and analysis about the war in Ukraine and other global events in world politics and security.","publisher":{"@id":"https:\/\/johanno1.se\/en\/#organization"},"potentialAction":[{"@type":"SearchAction","target":{"@type":"EntryPoint","urlTemplate":"https:\/\/johanno1.se\/en\/?s={search_term_string}"},"query-input":{"@type":"PropertyValueSpecification","valueRequired":true,"valueName":"search_term_string"}}],"inLanguage":"en-US"},{"@type":"Organization","@id":"https:\/\/johanno1.se\/en\/#organization","name":"Johan No. 1","url":"https:\/\/johanno1.se\/en\/","logo":{"@type":"ImageObject","inLanguage":"en-US","@id":"https:\/\/johanno1.se\/en\/#\/schema\/logo\/image\/","url":"https:\/\/johanno1.se\/wp-content\/uploads\/2025\/03\/cropped-No1-Logo.png","contentUrl":"https:\/\/johanno1.se\/wp-content\/uploads\/2025\/03\/cropped-No1-Logo.png","width":512,"height":512,"caption":"Johan No. 1"},"image":{"@id":"https:\/\/johanno1.se\/en\/#\/schema\/logo\/image\/"}}]}},"_links":{"self":[{"href":"https:\/\/johanno1.se\/en\/wp-json\/wp\/v2\/pages\/1274","targetHints":{"allow":["GET"]}}],"collection":[{"href":"https:\/\/johanno1.se\/en\/wp-json\/wp\/v2\/pages"}],"about":[{"href":"https:\/\/johanno1.se\/en\/wp-json\/wp\/v2\/types\/page"}],"author":[{"embeddable":true,"href":"https:\/\/johanno1.se\/en\/wp-json\/wp\/v2\/users\/1"}],"replies":[{"embeddable":true,"href":"https:\/\/johanno1.se\/en\/wp-json\/wp\/v2\/comments?post=1274"}],"version-history":[{"count":2,"href":"https:\/\/johanno1.se\/en\/wp-json\/wp\/v2\/pages\/1274\/revisions"}],"predecessor-version":[{"id":2580,"href":"https:\/\/johanno1.se\/en\/wp-json\/wp\/v2\/pages\/1274\/revisions\/2580"}],"wp:attachment":[{"href":"https:\/\/johanno1.se\/en\/wp-json\/wp\/v2\/media?parent=1274"}],"curies":[{"name":"wp","href":"https:\/\/api.w.org\/{rel}","templated":true}]}}