{"id":1916,"date":"2025-06-24T09:17:10","date_gmt":"2025-06-24T07:17:10","guid":{"rendered":"https:\/\/johanno1.se\/?page_id=1916"},"modified":"2026-03-11T08:49:23","modified_gmt":"2026-03-11T07:49:23","slug":"om-webbplatsen","status":"publish","type":"page","link":"https:\/\/johanno1.se\/sv\/om-webbplatsen\/","title":{"rendered":"Om webbplatsen"},"content":{"rendered":"\n<p>Johanno1.se drivs av ett genuint intresse f\u00f6r vad som h\u00e4nder i och omkring kriget i Ukraina. H\u00e4r samlar vi dagliga uppdateringar, nyheter &#8211; b\u00e5de s\u00e5dant som rapporteras i media och s\u00e5dant som ibland hamnar lite i skymundan. Utifr\u00e5n informationen g\u00f6r vi \u00e4ven v\u00e5ra egna reflektioner och analyser.<\/p>\n\n\n\n<p>Vi vill ge v\u00e5ra bes\u00f6kare en s\u00e5 uppdaterad och korrekt bild av nul\u00e4get i Ukrainakriget som m\u00f6jligt och \u00e4ven erbjuda analyser och bed\u00f6mningar om hur kriget kan komma att utvecklas utifr\u00e5n aktuell information och olika scenarier.<\/p>\n\n\n\n<p><em>Vi fokuserar huvudsakligen p\u00e5:<\/em><\/p>\n\n\n\n<ul class=\"wp-block-list\">\n<li><strong><a href=\"https:\/\/johanno1.se\/kategori\/ukraina\/\">Kriget i Ukraina<\/a><\/strong> \u2013 Vi bevakar hur kriget utvecklas, vad som h\u00e4nder milit\u00e4rt vid fronterna, vilka uttalanden som Zelenskyy och andra politiska och milit\u00e4ra ledare g\u00f6r, hur civilbefolkningen p\u00e5verkas. Vi tittar \u00e4ven p\u00e5 Ukrainas f\u00f6rm\u00e5ga n\u00e4r det g\u00e4ller tillverkning av f\u00f6rsvarsmaterial, hur de anv\u00e4nder dr\u00f6nare mm.<\/li>\n\n\n\n<li><a href=\"https:\/\/johanno1.se\/sv\/kategori\/ukraina\/ryska-forluster\/\"><strong>Ryska f\u00f6rluster<\/strong><\/a> &#8211; Vi rapporterar dagligen om det senaste dygnets ryska f\u00f6rluster utifr\u00e5n det Ukrainas generalstab rapporterar. Med ungef\u00e4r en m\u00e5nads mellanrum g\u00f6r vi \u00e4ven en djupare genomg\u00e5ng d\u00e4r vi tittar p\u00e5 f\u00f6r\u00e4ndringarna av f\u00f6rlusterna \u00f6ver tid f\u00f6r att kunna identifiera och analysera eventuella trender. H\u00e4r \u00e4r det senaste inl\u00e4gget som g\u00e5r p\u00e5 djupet: <a href=\"https:\/\/johanno1.se\/sv\/ryska-forluster-och-aktiviteter-5\/\">Rapport \u00f6ver ryska f\u00f6rluster \u00f6ver tid<\/a>.<\/li>\n\n\n\n<li><strong>Internationellt nyheter<\/strong> \u2013 Bl.a. vad olika l\u00e4nder s\u00e4ger och g\u00f6r f\u00f6r att st\u00f6dja Ukraina, hur vapenleveranser och ekonomiskt bist\u00e5nd ser ut, och vilka politiska beslut som tas, vilka som v\u00e4ljs mm. Det g\u00e4ller fr\u00e4mst Europa och USA men f\u00f6rst\u00e5s \u00e4ven andra l\u00e4nder t.ex. Kina, Indien, Japan, Sydkorea och Autralien.<\/li>\n\n\n\n<li><strong>Vad som h\u00e4nder i Ryssland<\/strong> \u2013 fr\u00e4mst ekonomi men ocks\u00e5 propaganda, media, milit\u00e4ra resurser, politiska utspel, och hur inhemsk opinion p\u00e5verkas. En viktig del av inneh\u00e5llet \u00e4r analyser av Rysslands milit\u00e4ra kapacitet, inklusive uppgifter om f\u00f6rluster, produktion och rekryteringar f\u00f6r att bed\u00f6ma deras f\u00f6rm\u00e5ga att f\u00f6ra krig.<\/li>\n\n\n\n<li><strong>Relaterade h\u00e4ndelser i omv\u00e4rlden<\/strong> &#8211; d\u00e5 det mesta h\u00e4nger i hop globalt h\u00e5ller vi oss \u00e4ven uppdaterade om vad som h\u00e4nder i andra konflikter, t.ex. Israel och Iran och innan dess Indien och Pakistan. Det p\u00e5verkar indirekt \u00e4ven Ukraina d\u00e5 det dels leder till att media byter fokus, men det handlar \u00e4ven om tillg\u00e5ng till st\u00f6d, b\u00e5de ekonomiskt och n\u00e4r det g\u00e4ller f\u00f6rsvarsmateriel. Ryssland \u00e4r \u00e4ven via Wagner inblandade i Afrika vilket vi ocks\u00e5 skriver om i bland.<br>\u00c4ven ekonomi i form av aktuella oljepriser, v\u00e4xlingskurser mm. tas upp vid st\u00f6rre f\u00f6r\u00e4ndringar.<\/li>\n<\/ul>\n\n\n\n<p>Det h\u00e4nder \u00e4ven i undantagsfall att vi skriver om andra saker och d\u00e5 oftast n\u00e4r det g\u00e4ller \u00e4mnen som ber\u00f6r Sverige. Dessa sorteras under \u00f6vrigt.<\/p>\n\n\n\n<h2 class=\"wp-block-heading\"><strong>Dagsaktuell information om kriget i Ukraina i kombination med f\u00f6rdjupningar<\/strong><\/h2>\n\n\n\n<p>F\u00f6rmedlingen av nyheter och analyser sker i regel via dagliga inl\u00e4gg som sedan f\u00f6ljs upp med ett stort antal kommentarer med kompletterande nyheter under dagen. D\u00e4r bjuder vi \u00e4ven alla som vill delta.<br>Vi uppmuntrar till en \u00f6ppen diskussion och kritiskt t\u00e4nkande. M\u00e5nga av v\u00e5ra bes\u00f6kare bidrar med l\u00e4nkar, k\u00e4llor och kommentarer som kompletterar v\u00e5ra egna inl\u00e4gg.<\/p>\n\n\n\n<p>Vi str\u00e4var efter att vara s\u00e5 korrekta som m\u00f6jligt, men nyhetsfl\u00f6det \u00e4r ofta snabbt och komplext. Om vi rapporterar n\u00e5got som senare visar sig vara felaktigt, uppdaterar vi informationen s\u00e5 snart som m\u00f6jligt.<\/p>\n\n\n\n<p>Ibland publicerar vi \u00e4ven mer djuplodande inl\u00e4gg d\u00e4r vi granskar statistik, f\u00f6rklarar historiska skeenden eller presenterar bakgrundsinformation f\u00f6r att ge \u00f6kad f\u00f6rst\u00e5else.<\/p>\n\n\n\n<p>D\u00e5 vi \u00e4r fr\u00e5n Sverige bevakar vi \u00e4ven till viss del svensk politik och andra viktiga h\u00e4ndelser.<\/p>\n\n\n\n<h2 class=\"wp-block-heading\">Vilka st\u00e5r bakom?<\/h2>\n\n\n\n<p>Webbplatsen drivs av Johan No.1 och MXT \u2013 tv\u00e5 privatpersoner baserade i Sverige. Av s\u00e4kerhetssk\u00e4l och med h\u00e4nsyn till \u00e4mnets k\u00e4nslighet v\u00e4ljer vi att vara anonyma. V\u00e5rt syfte \u00e4r att fr\u00e4mja kunskap, transparens och f\u00f6rst\u00e5else f\u00f6r vad som sker i Ukraina och omv\u00e4rlden.<\/p>\n\n\n\n<p>Vi har inga kommersiella intressen ut\u00f6ver att eventuellt t\u00e4cka kostnader f\u00f6r drift, ink\u00f6p av programvaror mm. f\u00f6r att kunna genomf\u00f6ra f\u00f6rb\u00e4ttringar. Det viktigaste f\u00f6r oss \u00e4r att sprida kunskap, bygga engagemang och bidra till att Ukraina inte gl\u00f6ms bort.<\/p>\n\n\n\n<h2 class=\"wp-block-heading\">\u00d6ppen f\u00f6r alla<\/h2>\n\n\n\n<p>Johanno1.se finns b\u00e5de p\u00e5 svenska och engelska, och alla \u00e4r v\u00e4lkomna att l\u00e4sa och delta i diskussionerna \u2013 oavsett var man kommer ifr\u00e5n, politisk hemvist osv. s\u00e5 l\u00e4nge tonen h\u00e5lls saklig och respektfull. Observera att det \u00e4ven f\u00f6rekommer en del ironi och humor hos vissa skribenter som inte ska misstolkas som os\u00e4mja.<\/p>\n","protected":false},"excerpt":{"rendered":"<p>Johanno1.se drivs av ett genuint intresse f\u00f6r vad som h\u00e4nder i och omkring kriget i Ukraina. H\u00e4r samlar vi dagliga [&hellip;]<\/p>\n","protected":false},"author":1,"featured_media":0,"parent":0,"menu_order":5,"comment_status":"closed","ping_status":"closed","template":"","meta":{"site-sidebar-layout":"default","site-content-layout":"","ast-site-content-layout":"default","site-content-style":"default","site-sidebar-style":"default","ast-global-header-display":"","ast-banner-title-visibility":"","ast-main-header-display":"","ast-hfb-above-header-display":"","ast-hfb-below-header-display":"","ast-hfb-mobile-header-display":"","site-post-title":"","ast-breadcrumbs-content":"","ast-featured-img":"","footer-sml-layout":"","ast-disable-related-posts":"","theme-transparent-header-meta":"","adv-header-id-meta":"","stick-header-meta":"","header-above-stick-meta":"","header-main-stick-meta":"","header-below-stick-meta":"","astra-migrate-meta-layouts":"default","ast-page-background-enabled":"default","ast-page-background-meta":{"desktop":{"background-color":"var(--ast-global-color-4)","background-image":"","background-repeat":"repeat","background-position":"center center","background-size":"auto","background-attachment":"scroll","background-type":"","background-media":"","overlay-type":"","overlay-color":"","overlay-opacity":"","overlay-gradient":""},"tablet":{"background-color":"","background-image":"","background-repeat":"repeat","background-position":"center center","background-size":"auto","background-attachment":"scroll","background-type":"","background-media":"","overlay-type":"","overlay-color":"","overlay-opacity":"","overlay-gradient":""},"mobile":{"background-color":"","background-image":"","background-repeat":"repeat","background-position":"center center","background-size":"auto","background-attachment":"scroll","background-type":"","background-media":"","overlay-type":"","overlay-color":"","overlay-opacity":"","overlay-gradient":""}},"ast-content-background-meta":{"desktop":{"background-color":"var(--ast-global-color-5)","background-image":"","background-repeat":"repeat","background-position":"center center","background-size":"auto","background-attachment":"scroll","background-type":"","background-media":"","overlay-type":"","overlay-color":"","overlay-opacity":"","overlay-gradient":""},"tablet":{"background-color":"var(--ast-global-color-5)","background-image":"","background-repeat":"repeat","background-position":"center center","background-size":"auto","background-attachment":"scroll","background-type":"","background-media":"","overlay-type":"","overlay-color":"","overlay-opacity":"","overlay-gradient":""},"mobile":{"background-color":"var(--ast-global-color-5)","background-image":"","background-repeat":"repeat","background-position":"center center","background-size":"auto","background-attachment":"scroll","background-type":"","background-media":"","overlay-type":"","overlay-color":"","overlay-opacity":"","overlay-gradient":""}},"footnotes":""},"class_list":["post-1916","page","type-page","status-publish","hentry"],"yoast_head":"<!-- This site is optimized with the Yoast SEO plugin v27.5 - https:\/\/yoast.com\/product\/yoast-seo-wordpress\/ -->\n<title>Om webbplatsen - Kriget i Ukraina<\/title>\n<meta name=\"description\" content=\"Dagliga uppdateringar med nyheter, rapporter och analyser kring kriget i Ukraina och omv\u00e4rlden samt f\u00f6r en \u00f6ppen dialog med v\u00e5ra bes\u00f6kare.\" \/>\n<meta name=\"robots\" content=\"index, follow, max-snippet:-1, max-image-preview:large, max-video-preview:-1\" \/>\n<link rel=\"canonical\" href=\"https:\/\/johanno1.se\/sv\/om-webbplatsen\/\" \/>\n<meta property=\"og:locale\" content=\"sv_SE\" \/>\n<meta property=\"og:type\" content=\"article\" \/>\n<meta property=\"og:title\" content=\"Om webbplatsen - Kriget i Ukraina\" \/>\n<meta property=\"og:description\" content=\"Dagliga uppdateringar med nyheter, rapporter och analyser kring kriget i Ukraina och omv\u00e4rlden samt f\u00f6r en \u00f6ppen dialog med v\u00e5ra bes\u00f6kare.\" \/>\n<meta property=\"og:url\" content=\"https:\/\/johanno1.se\/sv\/om-webbplatsen\/\" \/>\n<meta property=\"og:site_name\" content=\"Johan No.1\" \/>\n<meta property=\"article:modified_time\" content=\"2026-03-11T07:49:23+00:00\" \/>\n<meta name=\"twitter:card\" content=\"summary_large_image\" \/>\n<meta name=\"twitter:label1\" content=\"Ber\u00e4knad l\u00e4stid\" \/>\n\t<meta name=\"twitter:data1\" content=\"4 minuter\" \/>\n<script type=\"application\/ld+json\" class=\"yoast-schema-graph\">{\"@context\":\"https:\\\/\\\/schema.org\",\"@graph\":[{\"@type\":\"WebPage\",\"@id\":\"https:\\\/\\\/johanno1.se\\\/sv\\\/om-webbplatsen\\\/\",\"url\":\"https:\\\/\\\/johanno1.se\\\/sv\\\/om-webbplatsen\\\/\",\"name\":\"Om webbplatsen - Kriget i Ukraina\",\"isPartOf\":{\"@id\":\"https:\\\/\\\/johanno1.se\\\/sv\\\/#website\"},\"datePublished\":\"2025-06-24T07:17:10+00:00\",\"dateModified\":\"2026-03-11T07:49:23+00:00\",\"description\":\"Dagliga uppdateringar med nyheter, rapporter och analyser kring kriget i Ukraina och omv\u00e4rlden samt f\u00f6r en \u00f6ppen dialog med v\u00e5ra bes\u00f6kare.\",\"breadcrumb\":{\"@id\":\"https:\\\/\\\/johanno1.se\\\/sv\\\/om-webbplatsen\\\/#breadcrumb\"},\"inLanguage\":\"sv-SE\",\"potentialAction\":[{\"@type\":\"ReadAction\",\"target\":[\"https:\\\/\\\/johanno1.se\\\/sv\\\/om-webbplatsen\\\/\"]}]},{\"@type\":\"BreadcrumbList\",\"@id\":\"https:\\\/\\\/johanno1.se\\\/sv\\\/om-webbplatsen\\\/#breadcrumb\",\"itemListElement\":[{\"@type\":\"ListItem\",\"position\":1,\"name\":\"Hem\",\"item\":\"https:\\\/\\\/johanno1.se\\\/sv\\\/\"},{\"@type\":\"ListItem\",\"position\":2,\"name\":\"Om webbplatsen\"}]},{\"@type\":\"WebSite\",\"@id\":\"https:\\\/\\\/johanno1.se\\\/sv\\\/#website\",\"url\":\"https:\\\/\\\/johanno1.se\\\/sv\\\/\",\"name\":\"Johan No.1\",\"description\":\"Kriget i Ukraina - V\u00e4rldsledande omv\u00e4rldsanalys fr\u00e5n Svensksund till den ryska brakf\u00f6rlusten i Ukraina\",\"publisher\":{\"@id\":\"https:\\\/\\\/johanno1.se\\\/sv\\\/#organization\"},\"potentialAction\":[{\"@type\":\"SearchAction\",\"target\":{\"@type\":\"EntryPoint\",\"urlTemplate\":\"https:\\\/\\\/johanno1.se\\\/sv\\\/?s={search_term_string}\"},\"query-input\":{\"@type\":\"PropertyValueSpecification\",\"valueRequired\":true,\"valueName\":\"search_term_string\"}}],\"inLanguage\":\"sv-SE\"},{\"@type\":\"Organization\",\"@id\":\"https:\\\/\\\/johanno1.se\\\/sv\\\/#organization\",\"name\":\"Johan No. 1\",\"url\":\"https:\\\/\\\/johanno1.se\\\/sv\\\/\",\"logo\":{\"@type\":\"ImageObject\",\"inLanguage\":\"sv-SE\",\"@id\":\"https:\\\/\\\/johanno1.se\\\/sv\\\/#\\\/schema\\\/logo\\\/image\\\/\",\"url\":\"https:\\\/\\\/johanno1.se\\\/wp-content\\\/uploads\\\/2025\\\/03\\\/cropped-No1-Logo.png\",\"contentUrl\":\"https:\\\/\\\/johanno1.se\\\/wp-content\\\/uploads\\\/2025\\\/03\\\/cropped-No1-Logo.png\",\"width\":512,\"height\":512,\"caption\":\"Johan No. 1\"},\"image\":{\"@id\":\"https:\\\/\\\/johanno1.se\\\/sv\\\/#\\\/schema\\\/logo\\\/image\\\/\"}}]}<\/script>\n<!-- \/ Yoast SEO plugin. -->","yoast_head_json":{"title":"Om webbplatsen - Kriget i Ukraina","description":"Dagliga uppdateringar med nyheter, rapporter och analyser kring kriget i Ukraina och omv\u00e4rlden samt f\u00f6r en \u00f6ppen dialog med v\u00e5ra bes\u00f6kare.","robots":{"index":"index","follow":"follow","max-snippet":"max-snippet:-1","max-image-preview":"max-image-preview:large","max-video-preview":"max-video-preview:-1"},"canonical":"https:\/\/johanno1.se\/sv\/om-webbplatsen\/","og_locale":"sv_SE","og_type":"article","og_title":"Om webbplatsen - Kriget i Ukraina","og_description":"Dagliga uppdateringar med nyheter, rapporter och analyser kring kriget i Ukraina och omv\u00e4rlden samt f\u00f6r en \u00f6ppen dialog med v\u00e5ra bes\u00f6kare.","og_url":"https:\/\/johanno1.se\/sv\/om-webbplatsen\/","og_site_name":"Johan No.1","article_modified_time":"2026-03-11T07:49:23+00:00","twitter_card":"summary_large_image","twitter_misc":{"Ber\u00e4knad l\u00e4stid":"4 minuter"},"schema":{"@context":"https:\/\/schema.org","@graph":[{"@type":"WebPage","@id":"https:\/\/johanno1.se\/sv\/om-webbplatsen\/","url":"https:\/\/johanno1.se\/sv\/om-webbplatsen\/","name":"Om webbplatsen - Kriget i Ukraina","isPartOf":{"@id":"https:\/\/johanno1.se\/sv\/#website"},"datePublished":"2025-06-24T07:17:10+00:00","dateModified":"2026-03-11T07:49:23+00:00","description":"Dagliga uppdateringar med nyheter, rapporter och analyser kring kriget i Ukraina och omv\u00e4rlden samt f\u00f6r en \u00f6ppen dialog med v\u00e5ra bes\u00f6kare.","breadcrumb":{"@id":"https:\/\/johanno1.se\/sv\/om-webbplatsen\/#breadcrumb"},"inLanguage":"sv-SE","potentialAction":[{"@type":"ReadAction","target":["https:\/\/johanno1.se\/sv\/om-webbplatsen\/"]}]},{"@type":"BreadcrumbList","@id":"https:\/\/johanno1.se\/sv\/om-webbplatsen\/#breadcrumb","itemListElement":[{"@type":"ListItem","position":1,"name":"Hem","item":"https:\/\/johanno1.se\/sv\/"},{"@type":"ListItem","position":2,"name":"Om webbplatsen"}]},{"@type":"WebSite","@id":"https:\/\/johanno1.se\/sv\/#website","url":"https:\/\/johanno1.se\/sv\/","name":"Johan No.1","description":"Kriget i Ukraina - V\u00e4rldsledande omv\u00e4rldsanalys fr\u00e5n Svensksund till den ryska brakf\u00f6rlusten i Ukraina","publisher":{"@id":"https:\/\/johanno1.se\/sv\/#organization"},"potentialAction":[{"@type":"SearchAction","target":{"@type":"EntryPoint","urlTemplate":"https:\/\/johanno1.se\/sv\/?s={search_term_string}"},"query-input":{"@type":"PropertyValueSpecification","valueRequired":true,"valueName":"search_term_string"}}],"inLanguage":"sv-SE"},{"@type":"Organization","@id":"https:\/\/johanno1.se\/sv\/#organization","name":"Johan No. 1","url":"https:\/\/johanno1.se\/sv\/","logo":{"@type":"ImageObject","inLanguage":"sv-SE","@id":"https:\/\/johanno1.se\/sv\/#\/schema\/logo\/image\/","url":"https:\/\/johanno1.se\/wp-content\/uploads\/2025\/03\/cropped-No1-Logo.png","contentUrl":"https:\/\/johanno1.se\/wp-content\/uploads\/2025\/03\/cropped-No1-Logo.png","width":512,"height":512,"caption":"Johan No. 1"},"image":{"@id":"https:\/\/johanno1.se\/sv\/#\/schema\/logo\/image\/"}}]}},"_links":{"self":[{"href":"https:\/\/johanno1.se\/sv\/wp-json\/wp\/v2\/pages\/1916","targetHints":{"allow":["GET"]}}],"collection":[{"href":"https:\/\/johanno1.se\/sv\/wp-json\/wp\/v2\/pages"}],"about":[{"href":"https:\/\/johanno1.se\/sv\/wp-json\/wp\/v2\/types\/page"}],"author":[{"embeddable":true,"href":"https:\/\/johanno1.se\/sv\/wp-json\/wp\/v2\/users\/1"}],"replies":[{"embeddable":true,"href":"https:\/\/johanno1.se\/sv\/wp-json\/wp\/v2\/comments?post=1916"}],"version-history":[{"count":5,"href":"https:\/\/johanno1.se\/sv\/wp-json\/wp\/v2\/pages\/1916\/revisions"}],"predecessor-version":[{"id":4252,"href":"https:\/\/johanno1.se\/sv\/wp-json\/wp\/v2\/pages\/1916\/revisions\/4252"}],"wp:attachment":[{"href":"https:\/\/johanno1.se\/sv\/wp-json\/wp\/v2\/media?parent=1916"}],"curies":[{"name":"wp","href":"https:\/\/api.w.org\/{rel}","templated":true}]}}