{"id":596,"date":"2025-04-03T20:19:51","date_gmt":"2025-04-03T18:19:51","guid":{"rendered":"https:\/\/johanno1.se\/?page_id=596"},"modified":"2025-08-29T11:07:45","modified_gmt":"2025-08-29T09:07:45","slug":"stod-ukraina","status":"publish","type":"page","link":"https:\/\/johanno1.se\/sv\/stod-ukraina\/","title":{"rendered":"St\u00f6d Ukraina!"},"content":{"rendered":"\n<p><strong>Sj\u00e4lvklart ska du vara en av alla som h\u00e5ller i spjutskaftet genom st\u00f6tta Ukraina och bidra till deras seger \u00f6ver Ryssland!<\/strong><br>H\u00e4r \u00e4r n\u00e5gra organisationer som p\u00e5 olika s\u00e4tt arbetar f\u00f6r Ukraina.<br><\/p>\n\n\n\n<div class=\"wp-block-columns are-vertically-aligned-top is-layout-flex wp-container-core-columns-is-layout-6376d770 wp-block-columns-is-layout-flex\" style=\"border-style:none;border-width:0px;margin-top:0;margin-bottom:0;padding-right:0;padding-left:0\">\n<div class=\"wp-block-column is-vertically-aligned-top is-layout-constrained wp-block-column-is-layout-constrained\" style=\"flex-basis:100%\">\n<div class=\"wp-block-group alignwide is-vertical is-content-justification-stretch is-nowrap is-layout-flex wp-container-core-group-is-layout-5a9d514c wp-block-group-is-layout-flex\">\n<div class=\"wp-block-columns alignwide wp-container-content-9cfa9a5a is-layout-flex wp-container-core-columns-is-layout-a5331a9e wp-block-columns-is-layout-flex\" style=\"padding-top:0;padding-right:0;padding-bottom:0;padding-left:0\">\n<div class=\"wp-block-column is-vertically-aligned-stretch has-border-color has-ast-global-color-6-border-color is-layout-flow wp-block-column-is-layout-flow\" style=\"border-width:2px;padding-top:var(--wp--preset--spacing--40);padding-right:var(--wp--preset--spacing--40);padding-bottom:var(--wp--preset--spacing--40);padding-left:var(--wp--preset--spacing--40)\">\n<figure class=\"wp-block-image aligncenter size-full\"><a href=\"https:\/\/swedishrescuers.se\/\"><img loading=\"lazy\" decoding=\"async\" width=\"100\" height=\"100\" src=\"https:\/\/johanno1.se\/wp-content\/uploads\/2025\/04\/swe_rescuers.png\" alt=\"\" class=\"wp-image-598\" srcset=\"https:\/\/johanno1.se\/wp-content\/uploads\/2025\/04\/swe_rescuers.png 100w, https:\/\/johanno1.se\/wp-content\/uploads\/2025\/04\/swe_rescuers-12x12.png 12w\" sizes=\"auto, (max-width: 100px) 100vw, 100px\" \/><\/a><\/figure>\n\n\n\n<h2 class=\"wp-block-heading\">Swedish Rescuers<\/h2>\n\n\n\n<p>K\u00f6per in olika typer av fordon (ambulanser, brandbilar mm) och levererar dem till Ukraina.<br><a href=\"https:\/\/swedishrescuers.se\/\"><strong>https:\/\/swedishrescuers.se\/<\/strong><\/a><\/p>\n<\/div>\n\n\n\n<div class=\"wp-block-column is-vertically-aligned-stretch has-border-color has-ast-global-color-6-border-color is-layout-flow wp-block-column-is-layout-flow\" style=\"border-width:2px;padding-top:var(--wp--preset--spacing--30);padding-right:var(--wp--preset--spacing--40);padding-bottom:var(--wp--preset--spacing--30);padding-left:var(--wp--preset--spacing--40)\">\n<figure class=\"wp-block-image aligncenter\"><a href=\"https:\/\/www.drones2ukraine.se\"><img decoding=\"async\" src=\"https:\/\/johanno1.se\/wp-content\/uploads\/2025\/04\/Namnlos.png\" alt=\"Denna bild har ett alt-attribut som \u00e4r tomt. Dess filnamn \u00e4r Namnlos.png\"\/><\/a><\/figure>\n\n\n\n<h2 class=\"wp-block-heading\">Drones2Ukraine<\/h2>\n\n\n\n<p>Utbildar dr\u00f6narpiloter men k\u00f6per \u00e4ven in dr\u00f6nare och kringutrustning som levereras till Ukraina.<br><a href=\"https:\/\/www.drones2ukraine.se\"><strong>https:\/\/www.drones2ukraine.se<\/strong><\/a><\/p>\n\n\n\n<p><\/p>\n<\/div>\n<\/div>\n\n\n\n<div class=\"wp-block-columns alignwide wp-container-content-9cfa9a5a is-layout-flex wp-container-core-columns-is-layout-a5331a9e wp-block-columns-is-layout-flex\" style=\"padding-top:0;padding-right:0;padding-bottom:0;padding-left:0\">\n<div class=\"wp-block-column is-vertically-aligned-stretch has-border-color has-ast-global-color-6-border-color is-layout-flow wp-block-column-is-layout-flow\" style=\"border-width:2px;padding-top:var(--wp--preset--spacing--40);padding-right:var(--wp--preset--spacing--40);padding-bottom:var(--wp--preset--spacing--40);padding-left:var(--wp--preset--spacing--40)\">\n<figure class=\"wp-block-image aligncenter size-medium is-resized\"><a href=\"https:\/\/u24.gov.ua\"><img loading=\"lazy\" decoding=\"async\" width=\"300\" height=\"169\" src=\"https:\/\/johanno1.se\/wp-content\/uploads\/2025\/04\/United24-300x169.jpeg\" alt=\"\" class=\"wp-image-600\" style=\"width:250px\" srcset=\"https:\/\/johanno1.se\/wp-content\/uploads\/2025\/04\/United24-300x169.jpeg 300w, https:\/\/johanno1.se\/wp-content\/uploads\/2025\/04\/United24-1024x578.jpeg 1024w, https:\/\/johanno1.se\/wp-content\/uploads\/2025\/04\/United24-768x433.jpeg 768w, https:\/\/johanno1.se\/wp-content\/uploads\/2025\/04\/United24-1536x867.jpeg 1536w, https:\/\/johanno1.se\/wp-content\/uploads\/2025\/04\/United24-18x10.jpeg 18w, https:\/\/johanno1.se\/wp-content\/uploads\/2025\/04\/United24.jpeg 1600w\" sizes=\"auto, (max-width: 300px) 100vw, 300px\" \/><\/a><\/figure>\n\n\n\n<h2 class=\"wp-block-heading\">United 24<\/h2>\n\n\n\n<p>Startades p\u00e5 Zelenskyys initiativ och samlar in pengar direkt till Ukraina genom fler olika projekt varav m\u00e5nga blivit uppm\u00e4rksammade.<br><a href=\"https:\/\/u24.gov.ua\"><strong>https:\/\/u24.gov.ua<\/strong><\/a><\/p>\n<\/div>\n\n\n\n<div class=\"wp-block-column is-vertically-aligned-stretch has-border-color has-ast-global-color-6-border-color is-layout-flow wp-block-column-is-layout-flow\" style=\"border-width:2px;padding-top:var(--wp--preset--spacing--30);padding-right:var(--wp--preset--spacing--40);padding-bottom:var(--wp--preset--spacing--30);padding-left:var(--wp--preset--spacing--40)\">\n<figure class=\"wp-block-image aligncenter size-full\"><a href=\"https:\/\/savelife.in.ua\/en\/\"><img loading=\"lazy\" decoding=\"async\" width=\"166\" height=\"81\" src=\"https:\/\/johanno1.se\/wp-content\/uploads\/2025\/04\/CBA.png\" alt=\"\" class=\"wp-image-601\" srcset=\"https:\/\/johanno1.se\/wp-content\/uploads\/2025\/04\/CBA.png 166w, https:\/\/johanno1.se\/wp-content\/uploads\/2025\/04\/CBA-18x9.png 18w\" sizes=\"auto, (max-width: 166px) 100vw, 166px\" \/><\/a><\/figure>\n\n\n\n<h2 class=\"wp-block-heading\">Come Back Alive<\/h2>\n\n\n\n<p>Ukrainsk organisation som genom bl.a. genom utbildning och materiel st\u00f6ttar den Ukrainska milit\u00e4ren.<br><a href=\"https:\/\/savelife.in.ua\/en\/\"><strong>https:\/\/savelife.in.ua\/en\/<\/strong><\/a><\/p>\n\n\n\n<p><\/p>\n\n\n\n<p><\/p>\n<\/div>\n<\/div>\n\n\n\n<div class=\"wp-block-columns alignwide wp-container-content-9cfa9a5a is-layout-flex wp-container-core-columns-is-layout-a5331a9e wp-block-columns-is-layout-flex\" style=\"padding-top:0;padding-right:0;padding-bottom:0;padding-left:0\">\n<div class=\"wp-block-column is-vertically-aligned-stretch has-border-color has-ast-global-color-6-border-color is-layout-flow wp-block-column-is-layout-flow\" style=\"border-width:2px;padding-top:var(--wp--preset--spacing--40);padding-right:var(--wp--preset--spacing--40);padding-bottom:var(--wp--preset--spacing--40);padding-left:var(--wp--preset--spacing--40)\">\n<figure class=\"wp-block-image aligncenter size-medium is-resized\"><a href=\"https:\/\/www.svenskbyborna.se\/en\/\" target=\"_blank\" rel=\" noreferrer noopener\"><img loading=\"lazy\" decoding=\"async\" width=\"300\" height=\"281\" src=\"https:\/\/johanno1.se\/wp-content\/uploads\/2025\/04\/Svenskybyborna-logga-bkg-300x281.png\" alt=\"\" class=\"wp-image-798\" style=\"width:250px\" srcset=\"https:\/\/johanno1.se\/wp-content\/uploads\/2025\/04\/Svenskybyborna-logga-bkg-300x281.png 300w, https:\/\/johanno1.se\/wp-content\/uploads\/2025\/04\/Svenskybyborna-logga-bkg-13x12.png 13w, https:\/\/johanno1.se\/wp-content\/uploads\/2025\/04\/Svenskybyborna-logga-bkg.png 340w\" sizes=\"auto, (max-width: 300px) 100vw, 300px\" \/><\/a><\/figure>\n\n\n\n<h2 class=\"wp-block-heading\">F\u00f6reningen Svenskbyborna<\/h2>\n\n\n\n<p>F\u00f6reningen Svenskbyborna bildades 1954.<br>N\u00e4r f\u00f6reningen bildades st\u00e4llde den som en av sina uppgifter att verka f\u00f6r utgivandet av byborna i Gammalsvenskbyns historia. <br>I dag g\u00e5r pengarna till humanit\u00e4rt st\u00f6d d\u00e5 Gammalsvenskbyn varit h\u00e5rt ansatt av ryssarnas bombningar.<br><a href=\"https:\/\/www.svenskbyborna.se\/\"><strong>https:\/\/www.svenskbyborna.se\/<\/strong><\/a><\/p>\n<\/div>\n\n\n\n<div class=\"wp-block-column is-vertically-aligned-stretch has-border-color has-ast-global-color-6-border-color is-layout-flow wp-block-column-is-layout-flow\" style=\"border-width:2px;padding-top:var(--wp--preset--spacing--30);padding-right:var(--wp--preset--spacing--40);padding-bottom:var(--wp--preset--spacing--30);padding-left:var(--wp--preset--spacing--40)\">\n<figure class=\"wp-block-image aligncenter size-full is-resized\"><a href=\"https:\/\/www.blagulabilen.se\/\" target=\"_blank\" rel=\" noreferrer noopener\"><img loading=\"lazy\" decoding=\"async\" width=\"708\" height=\"731\" src=\"https:\/\/johanno1.se\/wp-content\/uploads\/2025\/04\/BGB-Logo_UA.png\" alt=\"\" class=\"wp-image-799\" style=\"width:230px\" srcset=\"https:\/\/johanno1.se\/wp-content\/uploads\/2025\/04\/BGB-Logo_UA.png 708w, https:\/\/johanno1.se\/wp-content\/uploads\/2025\/04\/BGB-Logo_UA-291x300.png 291w, https:\/\/johanno1.se\/wp-content\/uploads\/2025\/04\/BGB-Logo_UA-12x12.png 12w\" sizes=\"auto, (max-width: 708px) 100vw, 708px\" \/><\/a><\/figure>\n\n\n\n<h2 class=\"wp-block-heading\">Bl\u00e5gula Bilen<\/h2>\n\n\n\n<p>Bl\u00e5gula bilen k\u00f6per en lastbilar och fyrhjulingar och levererar dem sedan till Ukrainska f\u00f6rband.<br><strong><a href=\"https:\/\/www.blagulabilen.se\/\" target=\"_blank\" rel=\"noreferrer noopener nofollow\">https:\/\/www.blagulabilen.se\/<\/a><\/strong><\/p>\n\n\n\n<p><\/p>\n\n\n\n<p><\/p>\n<\/div>\n<\/div>\n<\/div>\n<\/div>\n<\/div>\n\n\n\n<h2 class=\"wp-block-heading\">Andra s\u00e4tt att st\u00f6dja Ukraina<\/h2>\n\n\n\n<p>Det finns m\u00e5nga andra s\u00e4tt att st\u00f6tta Ukraina och Ukrainarna och ett bra s\u00e4tt \u00e4r att handla Ukrainska varor eller att handla fr\u00e5n de som i sin tur donerar en del av vinsten till Ukraina. Du f\u00e5r varor och produkter som du \u00e4nd\u00e5 vill ha eller beh\u00f6ver och Ukraina f\u00e5r del av det. Win-win!<br>H\u00e4r \u00e4r n\u00e5gra exempel, har du fler tips l\u00e4mna g\u00e4rna en kommentar!<br><br><strong>The March Initiative <\/strong><br>The March Initiative s\u00e4ljer kaffe, te och choklad fr\u00e5n Ukraina. Genom att handla fr\u00e5n dem st\u00f6der du allts\u00e5 direkt ukrainsk ekonomi. Ut\u00f6ver det anv\u00e4nds \u00e4ven vinsten till ink\u00f6p av produkter mm. som efterfr\u00e5gats i Ukraina och n\u00e4r de samlat i hop och k\u00f6pt in ser de \u00e4ven till att leverera till Ukraina.<br><a href=\"https:\/\/butik.themarchinitiative.com\/\">https:\/\/butik.themarchinitiative.com\/<\/a><\/p>\n\n\n\n<p><strong>BABUSIA<\/strong><br>Bor du i Malm\u00f6 bes\u00f6ker du sj\u00e4lvklart den Ukrainska restaurangen som drivs av Anja Allvin (namnet p\u00e5 restaurangen betyder farmor\/mormor \u00e4r en hyllning till hennes egen farmor och hennes Ukrainska recept). Vinsten fr\u00e5n restaurangen g\u00e5r \u00e4ven till hj\u00e4lpprojekt i Ukraina.<br><a href=\"https:\/\/babusia.se\/\">https:\/\/babusia.se\/<\/a><\/p>\n\n\n\n<p><strong>UAMAZE<\/strong><br>Stort utbud av Ukrainskt hantverk med produkter som designas av Ukrainska konstn\u00e4rer och tillverkas i Ukraina. H\u00e4r hittar du allt fr\u00e5n handm\u00e5lade julgranskulor till, m\u00f6bler, presentf\u00f6rpackningar och mycket mer. Perfekt om du \u00e4r ute efter att k\u00f6pa presenter till n\u00e5gon som \u00e4r designintresserad.<br><a href=\"https:\/\/uamaze.com.ua\/en\/souvenirs\">https:\/\/uamaze.com.ua\/en\/souvenirs<\/a><\/p>\n\n\n\n<p><strong>Kochut<\/strong><br>Exklusiva handgjorda Ukrainska smycken men \u00e4ven sk\u00e5lar vaser och m\u00f6bler mm. tillverkade av tr\u00e4 och resin. OBS! priserna \u00e4r d\u00e4refter, deras dyraste f\u00f6rlovningsring \u00e4r prissatt till 89 000 USD men de har ett stort utbud.<br><a href=\"https:\/\/kochut.org\/en\">https:\/\/kochut.org\/en<\/a><\/p>\n\n\n\n<p><strong>Saint Javelin<\/strong><br>Stort utbud av T-shirts muggar och mycket annat. En del av deras vinst skickas vidare till Ukraina och de f\u00f6rs\u00f6ker s\u00e5 gott det g\u00e5r att anv\u00e4nda Ukrainska tillverkare i sin produktion.<br><a href=\"https:\/\/www.saintjavelin.com\/\">https:\/\/www.saintjavelin.com\/<\/a><br><br><strong>Systembolaget<\/strong><br>Sj\u00e4lvklart passar du p\u00e5 att handla Ukrainskt n\u00e4r du bes\u00f6ker Systembolaget. L\u00e4nken listar deras sortiment av vin, \u00f6l sprit mm. fr\u00e5n Ukraina. Allt finns inte i alla butiker s\u00e5 de m\u00e5ste best\u00e4llas. <br><a href=\"https:\/\/www.systembolaget.se\/sortiment\/ukraina\/\">https:\/\/www.systembolaget.se\/sortiment\/ukraina\/<\/a><\/p>\n\n\n\n<p><strong>UA-Shorts<\/strong><br>Ett lite Ukrainskt f\u00f6retag som s\u00e4ljer kl\u00e4der, bl.a. kepsar, T-shirts och huvtr\u00f6jor.<br><a href=\"https:\/\/ua-shirt.com\/collections\/caps\">https:\/\/ua-shirt.com\/collections\/caps<\/a><br><br><strong>Obscene<\/strong><br>Tjeckiskt f\u00f6retag som s\u00e4ljer kl\u00e4der och annat. En del av f\u00f6rs\u00e4ljningen f\u00f6r en viss del av utbudet g\u00e5r till v\u00e4lg\u00f6renhet. <br>Som namnet antyder \u00e4r en del av designen lite mer&#8230; Udda. <br><a href=\"https:\/\/eshop.obscene.cz\/en\/product-category\/merch-en\/charity-merch-en\/\">https:\/\/eshop.obscene.cz\/en\/product-category\/merch-en\/charity-merch-en\/<\/a><\/p>\n\n\n\n<p><br><strong>Vi h\u00e5ller i spjutskaftet!<\/strong><\/p>\n\n\n\n<h2 class=\"wp-block-heading\"><strong>Slava Ukraini!<\/strong><\/h2>\n\n\n\n<p><br>H\u00e4r hittar du: <a href=\"https:\/\/johanno1.se\/kategori\/ukraina\/\">De senaste nyheterna om kriget i Ukraina<\/a><\/p>\n\n\n\n<p><\/p>\n","protected":false},"excerpt":{"rendered":"<p>Sj\u00e4lvklart ska du vara en av alla som h\u00e5ller i spjutskaftet genom st\u00f6tta Ukraina och bidra till deras seger \u00f6ver [&hellip;]<\/p>\n","protected":false},"author":1,"featured_media":0,"parent":0,"menu_order":17,"comment_status":"open","ping_status":"closed","template":"","meta":{"site-sidebar-layout":"default","site-content-layout":"","ast-site-content-layout":"default","site-content-style":"default","site-sidebar-style":"default","ast-global-header-display":"","ast-banner-title-visibility":"","ast-main-header-display":"","ast-hfb-above-header-display":"","ast-hfb-below-header-display":"","ast-hfb-mobile-header-display":"","site-post-title":"","ast-breadcrumbs-content":"","ast-featured-img":"","footer-sml-layout":"","ast-disable-related-posts":"","theme-transparent-header-meta":"","adv-header-id-meta":"","stick-header-meta":"","header-above-stick-meta":"","header-main-stick-meta":"","header-below-stick-meta":"","astra-migrate-meta-layouts":"default","ast-page-background-enabled":"default","ast-page-background-meta":{"desktop":{"background-color":"var(--ast-global-color-4)","background-image":"","background-repeat":"repeat","background-position":"center center","background-size":"auto","background-attachment":"scroll","background-type":"","background-media":"","overlay-type":"","overlay-color":"","overlay-opacity":"","overlay-gradient":""},"tablet":{"background-color":"","background-image":"","background-repeat":"repeat","background-position":"center center","background-size":"auto","background-attachment":"scroll","background-type":"","background-media":"","overlay-type":"","overlay-color":"","overlay-opacity":"","overlay-gradient":""},"mobile":{"background-color":"","background-image":"","background-repeat":"repeat","background-position":"center center","background-size":"auto","background-attachment":"scroll","background-type":"","background-media":"","overlay-type":"","overlay-color":"","overlay-opacity":"","overlay-gradient":""}},"ast-content-background-meta":{"desktop":{"background-color":"var(--ast-global-color-5)","background-image":"","background-repeat":"repeat","background-position":"center center","background-size":"auto","background-attachment":"scroll","background-type":"","background-media":"","overlay-type":"","overlay-color":"","overlay-opacity":"","overlay-gradient":""},"tablet":{"background-color":"var(--ast-global-color-5)","background-image":"","background-repeat":"repeat","background-position":"center center","background-size":"auto","background-attachment":"scroll","background-type":"","background-media":"","overlay-type":"","overlay-color":"","overlay-opacity":"","overlay-gradient":""},"mobile":{"background-color":"var(--ast-global-color-5)","background-image":"","background-repeat":"repeat","background-position":"center center","background-size":"auto","background-attachment":"scroll","background-type":"","background-media":"","overlay-type":"","overlay-color":"","overlay-opacity":"","overlay-gradient":""}},"footnotes":""},"class_list":["post-596","page","type-page","status-publish","hentry"],"yoast_head":"<!-- This site is optimized with the Yoast SEO plugin v27.4 - https:\/\/yoast.com\/product\/yoast-seo-wordpress\/ -->\n<title>St\u00f6d Ukraina! - Kriget i Ukraina<\/title>\n<meta name=\"robots\" content=\"index, follow, max-snippet:-1, max-image-preview:large, max-video-preview:-1\" \/>\n<link rel=\"canonical\" href=\"https:\/\/johanno1.se\/sv\/stod-ukraina\/\" \/>\n<meta property=\"og:locale\" content=\"sv_SE\" \/>\n<meta property=\"og:type\" content=\"article\" \/>\n<meta property=\"og:title\" content=\"St\u00f6d Ukraina! - Kriget i Ukraina\" \/>\n<meta property=\"og:description\" content=\"Sj\u00e4lvklart ska du vara en av alla som h\u00e5ller i spjutskaftet genom st\u00f6tta Ukraina och bidra till deras seger \u00f6ver [&hellip;]\" \/>\n<meta property=\"og:url\" content=\"https:\/\/johanno1.se\/sv\/stod-ukraina\/\" \/>\n<meta property=\"og:site_name\" content=\"Johan No.1\" \/>\n<meta property=\"article:modified_time\" content=\"2025-08-29T09:07:45+00:00\" \/>\n<meta property=\"og:image\" content=\"https:\/\/johanno1.se\/wp-content\/uploads\/2025\/04\/swe_rescuers.png\" \/>\n\t<meta property=\"og:image:width\" content=\"100\" \/>\n\t<meta property=\"og:image:height\" content=\"100\" \/>\n\t<meta property=\"og:image:type\" content=\"image\/png\" \/>\n<meta name=\"twitter:card\" content=\"summary_large_image\" \/>\n<meta name=\"twitter:label1\" content=\"Ber\u00e4knad l\u00e4stid\" \/>\n\t<meta name=\"twitter:data1\" content=\"4 minuter\" \/>\n<script type=\"application\/ld+json\" class=\"yoast-schema-graph\">{\"@context\":\"https:\\\/\\\/schema.org\",\"@graph\":[{\"@type\":\"WebPage\",\"@id\":\"https:\\\/\\\/johanno1.se\\\/sv\\\/stod-ukraina\\\/\",\"url\":\"https:\\\/\\\/johanno1.se\\\/sv\\\/stod-ukraina\\\/\",\"name\":\"St\u00f6d Ukraina! - Kriget i Ukraina\",\"isPartOf\":{\"@id\":\"https:\\\/\\\/johanno1.se\\\/sv\\\/#website\"},\"primaryImageOfPage\":{\"@id\":\"https:\\\/\\\/johanno1.se\\\/sv\\\/stod-ukraina\\\/#primaryimage\"},\"image\":{\"@id\":\"https:\\\/\\\/johanno1.se\\\/sv\\\/stod-ukraina\\\/#primaryimage\"},\"thumbnailUrl\":\"https:\\\/\\\/johanno1.se\\\/wp-content\\\/uploads\\\/2025\\\/04\\\/swe_rescuers.png\",\"datePublished\":\"2025-04-03T18:19:51+00:00\",\"dateModified\":\"2025-08-29T09:07:45+00:00\",\"breadcrumb\":{\"@id\":\"https:\\\/\\\/johanno1.se\\\/sv\\\/stod-ukraina\\\/#breadcrumb\"},\"inLanguage\":\"sv-SE\",\"potentialAction\":[{\"@type\":\"ReadAction\",\"target\":[\"https:\\\/\\\/johanno1.se\\\/sv\\\/stod-ukraina\\\/\"]}]},{\"@type\":\"ImageObject\",\"inLanguage\":\"sv-SE\",\"@id\":\"https:\\\/\\\/johanno1.se\\\/sv\\\/stod-ukraina\\\/#primaryimage\",\"url\":\"https:\\\/\\\/johanno1.se\\\/wp-content\\\/uploads\\\/2025\\\/04\\\/swe_rescuers.png\",\"contentUrl\":\"https:\\\/\\\/johanno1.se\\\/wp-content\\\/uploads\\\/2025\\\/04\\\/swe_rescuers.png\"},{\"@type\":\"BreadcrumbList\",\"@id\":\"https:\\\/\\\/johanno1.se\\\/sv\\\/stod-ukraina\\\/#breadcrumb\",\"itemListElement\":[{\"@type\":\"ListItem\",\"position\":1,\"name\":\"Hem\",\"item\":\"https:\\\/\\\/johanno1.se\\\/sv\\\/\"},{\"@type\":\"ListItem\",\"position\":2,\"name\":\"St\u00f6d Ukraina!\"}]},{\"@type\":\"WebSite\",\"@id\":\"https:\\\/\\\/johanno1.se\\\/sv\\\/#website\",\"url\":\"https:\\\/\\\/johanno1.se\\\/sv\\\/\",\"name\":\"Johan No.1\",\"description\":\"Kriget i Ukraina - V\u00e4rldsledande omv\u00e4rldsanalys fr\u00e5n Svensksund till den ryska brakf\u00f6rlusten i Ukraina\",\"publisher\":{\"@id\":\"https:\\\/\\\/johanno1.se\\\/sv\\\/#organization\"},\"potentialAction\":[{\"@type\":\"SearchAction\",\"target\":{\"@type\":\"EntryPoint\",\"urlTemplate\":\"https:\\\/\\\/johanno1.se\\\/sv\\\/?s={search_term_string}\"},\"query-input\":{\"@type\":\"PropertyValueSpecification\",\"valueRequired\":true,\"valueName\":\"search_term_string\"}}],\"inLanguage\":\"sv-SE\"},{\"@type\":\"Organization\",\"@id\":\"https:\\\/\\\/johanno1.se\\\/sv\\\/#organization\",\"name\":\"Johan No. 1\",\"url\":\"https:\\\/\\\/johanno1.se\\\/sv\\\/\",\"logo\":{\"@type\":\"ImageObject\",\"inLanguage\":\"sv-SE\",\"@id\":\"https:\\\/\\\/johanno1.se\\\/sv\\\/#\\\/schema\\\/logo\\\/image\\\/\",\"url\":\"https:\\\/\\\/johanno1.se\\\/wp-content\\\/uploads\\\/2025\\\/03\\\/cropped-No1-Logo.png\",\"contentUrl\":\"https:\\\/\\\/johanno1.se\\\/wp-content\\\/uploads\\\/2025\\\/03\\\/cropped-No1-Logo.png\",\"width\":512,\"height\":512,\"caption\":\"Johan No. 1\"},\"image\":{\"@id\":\"https:\\\/\\\/johanno1.se\\\/sv\\\/#\\\/schema\\\/logo\\\/image\\\/\"}}]}<\/script>\n<!-- \/ Yoast SEO plugin. -->","yoast_head_json":{"title":"St\u00f6d Ukraina! - Kriget i Ukraina","robots":{"index":"index","follow":"follow","max-snippet":"max-snippet:-1","max-image-preview":"max-image-preview:large","max-video-preview":"max-video-preview:-1"},"canonical":"https:\/\/johanno1.se\/sv\/stod-ukraina\/","og_locale":"sv_SE","og_type":"article","og_title":"St\u00f6d Ukraina! - Kriget i Ukraina","og_description":"Sj\u00e4lvklart ska du vara en av alla som h\u00e5ller i spjutskaftet genom st\u00f6tta Ukraina och bidra till deras seger \u00f6ver [&hellip;]","og_url":"https:\/\/johanno1.se\/sv\/stod-ukraina\/","og_site_name":"Johan No.1","article_modified_time":"2025-08-29T09:07:45+00:00","og_image":[{"width":100,"height":100,"url":"https:\/\/johanno1.se\/wp-content\/uploads\/2025\/04\/swe_rescuers.png","type":"image\/png"}],"twitter_card":"summary_large_image","twitter_misc":{"Ber\u00e4knad l\u00e4stid":"4 minuter"},"schema":{"@context":"https:\/\/schema.org","@graph":[{"@type":"WebPage","@id":"https:\/\/johanno1.se\/sv\/stod-ukraina\/","url":"https:\/\/johanno1.se\/sv\/stod-ukraina\/","name":"St\u00f6d Ukraina! - Kriget i Ukraina","isPartOf":{"@id":"https:\/\/johanno1.se\/sv\/#website"},"primaryImageOfPage":{"@id":"https:\/\/johanno1.se\/sv\/stod-ukraina\/#primaryimage"},"image":{"@id":"https:\/\/johanno1.se\/sv\/stod-ukraina\/#primaryimage"},"thumbnailUrl":"https:\/\/johanno1.se\/wp-content\/uploads\/2025\/04\/swe_rescuers.png","datePublished":"2025-04-03T18:19:51+00:00","dateModified":"2025-08-29T09:07:45+00:00","breadcrumb":{"@id":"https:\/\/johanno1.se\/sv\/stod-ukraina\/#breadcrumb"},"inLanguage":"sv-SE","potentialAction":[{"@type":"ReadAction","target":["https:\/\/johanno1.se\/sv\/stod-ukraina\/"]}]},{"@type":"ImageObject","inLanguage":"sv-SE","@id":"https:\/\/johanno1.se\/sv\/stod-ukraina\/#primaryimage","url":"https:\/\/johanno1.se\/wp-content\/uploads\/2025\/04\/swe_rescuers.png","contentUrl":"https:\/\/johanno1.se\/wp-content\/uploads\/2025\/04\/swe_rescuers.png"},{"@type":"BreadcrumbList","@id":"https:\/\/johanno1.se\/sv\/stod-ukraina\/#breadcrumb","itemListElement":[{"@type":"ListItem","position":1,"name":"Hem","item":"https:\/\/johanno1.se\/sv\/"},{"@type":"ListItem","position":2,"name":"St\u00f6d Ukraina!"}]},{"@type":"WebSite","@id":"https:\/\/johanno1.se\/sv\/#website","url":"https:\/\/johanno1.se\/sv\/","name":"Johan No.1","description":"Kriget i Ukraina - V\u00e4rldsledande omv\u00e4rldsanalys fr\u00e5n Svensksund till den ryska brakf\u00f6rlusten i Ukraina","publisher":{"@id":"https:\/\/johanno1.se\/sv\/#organization"},"potentialAction":[{"@type":"SearchAction","target":{"@type":"EntryPoint","urlTemplate":"https:\/\/johanno1.se\/sv\/?s={search_term_string}"},"query-input":{"@type":"PropertyValueSpecification","valueRequired":true,"valueName":"search_term_string"}}],"inLanguage":"sv-SE"},{"@type":"Organization","@id":"https:\/\/johanno1.se\/sv\/#organization","name":"Johan No. 1","url":"https:\/\/johanno1.se\/sv\/","logo":{"@type":"ImageObject","inLanguage":"sv-SE","@id":"https:\/\/johanno1.se\/sv\/#\/schema\/logo\/image\/","url":"https:\/\/johanno1.se\/wp-content\/uploads\/2025\/03\/cropped-No1-Logo.png","contentUrl":"https:\/\/johanno1.se\/wp-content\/uploads\/2025\/03\/cropped-No1-Logo.png","width":512,"height":512,"caption":"Johan No. 1"},"image":{"@id":"https:\/\/johanno1.se\/sv\/#\/schema\/logo\/image\/"}}]}},"_links":{"self":[{"href":"https:\/\/johanno1.se\/sv\/wp-json\/wp\/v2\/pages\/596","targetHints":{"allow":["GET"]}}],"collection":[{"href":"https:\/\/johanno1.se\/sv\/wp-json\/wp\/v2\/pages"}],"about":[{"href":"https:\/\/johanno1.se\/sv\/wp-json\/wp\/v2\/types\/page"}],"author":[{"embeddable":true,"href":"https:\/\/johanno1.se\/sv\/wp-json\/wp\/v2\/users\/1"}],"replies":[{"embeddable":true,"href":"https:\/\/johanno1.se\/sv\/wp-json\/wp\/v2\/comments?post=596"}],"version-history":[{"count":22,"href":"https:\/\/johanno1.se\/sv\/wp-json\/wp\/v2\/pages\/596\/revisions"}],"predecessor-version":[{"id":4411,"href":"https:\/\/johanno1.se\/sv\/wp-json\/wp\/v2\/pages\/596\/revisions\/4411"}],"wp:attachment":[{"href":"https:\/\/johanno1.se\/sv\/wp-json\/wp\/v2\/media?parent=596"}],"curies":[{"name":"wp","href":"https:\/\/api.w.org\/{rel}","templated":true}]}}